{"id":250,"date":"2024-10-14T06:20:01","date_gmt":"2024-10-14T04:20:01","guid":{"rendered":"https:\/\/solustores.ch\/index.php\/volets-roulants-2\/"},"modified":"2024-10-14T06:20:15","modified_gmt":"2024-10-14T04:20:15","slug":"volets-roulants-2","status":"publish","type":"page","link":"https:\/\/solustores.ch\/index.php\/volets-roulants-2\/","title":{"rendered":"Volets Roulants"},"content":{"rendered":"\n  \n    <section class=\"u-clearfix u-white u-section-1\" id=\"sec-f32e\">\n      <div class=\"u-clearfix u-sheet u-valign-middle u-sheet-1\">\n        <div class=\"data-layout-selected u-clearfix u-expanded-width u-gutter-18 u-layout-wrap u-layout-wrap-1\">\n          <div class=\"u-gutter-0 u-layout\">\n            <div class=\"u-layout-row\">\n              <div class=\"u-size-30 u-size-60-md\">\n                <div class=\"u-layout-row\">\n                  <div class=\"u-align-left u-container-align-left u-container-style u-image u-layout-cell u-left-cell u-size-60 u-image-1\" src=\"\" data-image-width=\"3000\" data-image-height=\"2008\" style=\"background-image: url(&quot;https:\/\/solustores.ch\/wp-content\/uploads\/2024\/10\/MFH-EM-EC-28-3000x2008-1.jpg&quot;);\">\n                    <div class=\"u-container-layout u-container-layout-1\" src=\"\"><\/div>\n                  <\/div>\n                <\/div>\n              <\/div>\n              <div class=\"u-size-30 u-size-60-md\">\n                <div class=\"u-layout-col\">\n                  <div class=\"u-align-left u-container-align-left u-container-style u-image u-layout-cell u-right-cell u-size-40 u-image-2\" data-image-width=\"3000\" data-image-height=\"2250\" style=\"background-image: url(&quot;https:\/\/solustores.ch\/wp-content\/uploads\/2024\/10\/Fraubrunnen-MFH-EM-170620-3-3000x2250-1.jpg&quot;);\">\n                    <div class=\"u-container-layout u-valign-middle u-container-layout-2\" src=\"\"><\/div>\n                  <\/div>\n                  <div class=\"u-container-style u-layout-cell u-right-cell u-size-20 u-white u-layout-cell-3\" src=\"\">\n                    <div class=\"u-container-layout u-container-layout-3\">\n                      <h2 class=\"u-align-left u-text u-text-default u-text-1\">Volets Roulants<br>Traditionnels\n                      <\/h2>\n                      <p class=\"u-align-justify u-text u-text-2\">Ce type de store est compos\u00e9 de lames qui s'enroulent autour d'un axe en acier qui est int\u00e9gr\u00e9 dans un caisson en bois int\u00e9rieur (construction classique) ou dans une niche pr\u00e9vue dans une isolation p\u00e9riph\u00e9rique de fa\u00e7ade.<br>\n                        <br>Les lames peuvent avoir une forme droite ou bomb\u00e9e et sont assembl\u00e9es par emboitement ou par des agrafes selon les mod\u00e8les.<br>\n                        <br>En position ouverte, ce type de store n'est pas visible depuis l'ext\u00e9rieur.<br>\n                        <br>En\nposition ferm\u00e9e, il est parfaitement obscurcissant.\n                      <\/p>\n                      <img decoding=\"async\" class=\"u-image u-image-contain u-image-default u-preserve-proportions u-image-3\" src=\"https:\/\/solustores.ch\/wp-content\/uploads\/2024\/10\/Regazzi.jpg\" alt=\"\" data-image-width=\"1181\" data-image-height=\"1181\">\n                      <img decoding=\"async\" class=\"u-image u-image-contain u-image-default u-preserve-proportions u-image-4\" src=\"https:\/\/solustores.ch\/wp-content\/uploads\/2024\/10\/Griesser.jpg\" alt=\"\" data-image-width=\"1181\" data-image-height=\"1181\">\n                      <img decoding=\"async\" class=\"u-image u-image-contain u-image-default u-image-5\" src=\"https:\/\/solustores.ch\/wp-content\/uploads\/2024\/10\/tlchargement4.png\" alt=\"\" data-image-width=\"259\" data-image-height=\"194\">\n                    <\/div>\n                  <\/div>\n                <\/div>\n              <\/div>\n            <\/div>\n          <\/div>\n        <\/div>\n      <\/div>\n    <\/section>\n    <section class=\"u-clearfix u-white u-section-2\" id=\"carousel_b3ec\">\n      <div class=\"u-clearfix u-sheet u-valign-middle u-sheet-1\">\n        <div class=\"data-layout-selected u-clearfix u-expanded-width u-gutter-18 u-layout-wrap u-layout-wrap-1\">\n          <div class=\"u-gutter-0 u-layout\">\n            <div class=\"u-layout-row\">\n              <div class=\"u-size-30 u-size-60-md\">\n                <div class=\"u-layout-col\">\n                  <div class=\"u-align-left u-container-align-left u-container-style u-image u-layout-cell u-right-cell u-size-40 u-image-1\" data-image-width=\"2048\" data-image-height=\"1536\" style=\"background-image: url(&quot;https:\/\/solustores.ch\/wp-content\/uploads\/2024\/10\/Wichtrach-Wenger-0216.jpg&quot;);\">\n                    <div class=\"u-container-layout u-valign-middle u-container-layout-1\" src=\"\"><\/div>\n                  <\/div>\n                  <div class=\"u-container-style u-layout-cell u-right-cell u-size-20 u-white u-layout-cell-2\" src=\"\">\n                    <div class=\"u-container-layout u-container-layout-2\">\n                      <h2 class=\"u-align-left u-text u-text-default u-text-1\">Volets Roulants<br>Monoblocs\n                      <\/h2>\n                      <p class=\"u-align-justify u-text u-text-2\">Ce type de store est compos\u00e9 de lames qui s'enroulent autour d'un axe en acier qui est int\u00e9gr\u00e9 dans un caisson en aluminium autoport\u00e9 par les coulisses (guides verticaux).<br>Ce mod\u00e8le de store est en g\u00e9n\u00e9ral utilis\u00e9 pour la r\u00e9novation et le caisson reste souvant visible depuis l'ext\u00e9rieur.<br>\n                        <br>Les lames ont une forme bomb\u00e9e et sont assembl\u00e9es par emboitement.<br>\n                        <br>En\nposition ferm\u00e9e, il est parfaitement obscurcissant.\n                      <\/p>\n                      <img decoding=\"async\" class=\"u-image u-image-contain u-image-default u-image-2\" src=\"https:\/\/solustores.ch\/wp-content\/uploads\/2024\/10\/tlchargement4.png\" alt=\"\" data-image-width=\"259\" data-image-height=\"194\">\n                      <img decoding=\"async\" class=\"u-image u-image-contain u-image-default u-preserve-proportions u-image-3\" src=\"https:\/\/solustores.ch\/wp-content\/uploads\/2024\/10\/Regazzi.jpg\" alt=\"\" data-image-width=\"1181\" data-image-height=\"1181\">\n                      <img decoding=\"async\" class=\"u-image u-image-contain u-image-default u-preserve-proportions u-image-4\" src=\"https:\/\/solustores.ch\/wp-content\/uploads\/2024\/10\/Griesser.jpg\" alt=\"\" data-image-width=\"1181\" data-image-height=\"1181\">\n                    <\/div>\n                  <\/div>\n                <\/div>\n              <\/div>\n              <div class=\"u-size-30 u-size-60-md\">\n                <div class=\"u-layout-row\">\n                  <div class=\"u-align-left u-container-align-left u-container-style u-image u-layout-cell u-left-cell u-size-60 u-image-5\" src=\"\" data-image-width=\"2488\" data-image-height=\"1400\" style=\"background-image: url(&quot;https:\/\/solustores.ch\/wp-content\/uploads\/2024\/10\/Chatelain-3-170814.jpg&quot;);\">\n                    <div class=\"u-container-layout u-valign-middle u-container-layout-3\" src=\"\"><\/div>\n                  <\/div>\n                <\/div>\n              <\/div>\n            <\/div>\n          <\/div>\n        <\/div>\n      <\/div>\n    <\/section>\n    <section class=\"u-clearfix u-white u-section-3\" id=\"carousel_3b32\">\n      <div class=\"u-clearfix u-sheet u-valign-middle u-sheet-1\">\n        <div class=\"data-layout-selected u-clearfix u-expanded-width u-gutter-18 u-layout-wrap u-layout-wrap-1\">\n          <div class=\"u-gutter-0 u-layout\">\n            <div class=\"u-layout-row\">\n              <div class=\"u-size-30 u-size-60-md\">\n                <div class=\"u-layout-row\">\n                  <div class=\"u-align-left u-container-align-left u-container-style u-image u-layout-cell u-left-cell u-size-60 u-image-1\" src=\"\" data-image-width=\"3840\" data-image-height=\"2160\" style=\"background-image: url(&quot;https:\/\/solustores.ch\/wp-content\/uploads\/2024\/10\/DSC_1606.jpg&quot;);\">\n                    <div class=\"u-container-layout u-container-layout-1\" src=\"\"><\/div>\n                  <\/div>\n                <\/div>\n              <\/div>\n              <div class=\"u-size-30 u-size-60-md\">\n                <div class=\"u-layout-col\">\n                  <div class=\"u-align-left u-container-align-left u-container-style u-image u-layout-cell u-right-cell u-size-40 u-image-2\" data-image-width=\"4000\" data-image-height=\"1800\" style=\"background-image: url(&quot;https:\/\/solustores.ch\/wp-content\/uploads\/2024\/10\/20220225_105148.jpg&quot;);\">\n                    <div class=\"u-container-layout u-valign-middle u-container-layout-2\" src=\"\"><\/div>\n                  <\/div>\n                  <div class=\"u-container-style u-layout-cell u-right-cell u-size-20 u-white u-layout-cell-3\" src=\"\">\n                    <div class=\"u-container-layout u-container-layout-3\">\n                      <h2 class=\"u-align-left u-text u-text-default u-text-1\">Isolation des Caissons Int\u00e9rieurs<\/h2>\n                      <p class=\"u-align-justify u-text u-text-2\">Afin d'am\u00e9liorer votre confort, nous sommes en mesure d'isoler vos caissons de volets roulants int\u00e9rieurs.<br>\n                        <br>Par ce proc\u00e9d\u00e9, l'isolation thermique de votre ouverture sera renforc\u00e9e et les d\u00e9perditions de chaleur seront grandement r\u00e9duites.<br>\n                        <br>Nous pouvons \u00e9galement am\u00e9liorer l'isolation accoustique en installant des plaques phonique en plus de l'isolant thermique dans vos caissons.\n                      <\/p>\n                    <\/div>\n                  <\/div>\n                <\/div>\n              <\/div>\n            <\/div>\n          <\/div>\n        <\/div>\n      <\/div>\n    <\/section>\n    \n    \n    \n    \n    \n  \n","protected":false},"excerpt":{"rendered":"<p>Volets RoulantsTraditionnels Ce type de store est compos\u00e9 de lames qui s&rsquo;enroulent autour d&rsquo;un axe en acier qui est int\u00e9gr\u00e9 dans un caisson en bois int\u00e9rieur (construction classique) ou dans une niche pr\u00e9vue dans une isolation p\u00e9riph\u00e9rique de fa\u00e7ade. Les lames peuvent avoir une forme droite ou bomb\u00e9e et sont assembl\u00e9es par emboitement ou par &hellip; <a href=\"https:\/\/solustores.ch\/index.php\/volets-roulants-2\/\" class=\"more-link\">Continue reading<span class=\"screen-reader-text\"> \u00ab\u00a0Volets Roulants\u00a0\u00bb<\/span><\/a><\/p>\n","protected":false},"author":1,"featured_media":0,"parent":0,"menu_order":2,"comment_status":"closed","ping_status":"closed","template":"","meta":{"footnotes":""},"class_list":["post-250","page","type-page","status-publish","hentry"],"_links":{"self":[{"href":"https:\/\/solustores.ch\/index.php\/wp-json\/wp\/v2\/pages\/250","targetHints":{"allow":["GET"]}}],"collection":[{"href":"https:\/\/solustores.ch\/index.php\/wp-json\/wp\/v2\/pages"}],"about":[{"href":"https:\/\/solustores.ch\/index.php\/wp-json\/wp\/v2\/types\/page"}],"author":[{"embeddable":true,"href":"https:\/\/solustores.ch\/index.php\/wp-json\/wp\/v2\/users\/1"}],"replies":[{"embeddable":true,"href":"https:\/\/solustores.ch\/index.php\/wp-json\/wp\/v2\/comments?post=250"}],"version-history":[{"count":1,"href":"https:\/\/solustores.ch\/index.php\/wp-json\/wp\/v2\/pages\/250\/revisions"}],"predecessor-version":[{"id":271,"href":"https:\/\/solustores.ch\/index.php\/wp-json\/wp\/v2\/pages\/250\/revisions\/271"}],"wp:attachment":[{"href":"https:\/\/solustores.ch\/index.php\/wp-json\/wp\/v2\/media?parent=250"}],"curies":[{"name":"wp","href":"https:\/\/api.w.org\/{rel}","templated":true}]}}