{"id":252,"date":"2024-10-14T06:20:03","date_gmt":"2024-10-14T04:20:03","guid":{"rendered":"https:\/\/solustores.ch\/index.php\/bso\/"},"modified":"2024-10-14T06:20:16","modified_gmt":"2024-10-14T04:20:16","slug":"bso","status":"publish","type":"page","link":"https:\/\/solustores.ch\/index.php\/bso\/","title":{"rendered":"BSO"},"content":{"rendered":"\n  \n    <section class=\"u-clearfix u-white u-section-1\" id=\"sec-f32e\">\n      <div class=\"u-clearfix u-sheet u-valign-middle u-sheet-1\">\n        <div class=\"data-layout-selected u-clearfix u-expanded-width u-gutter-18 u-layout-wrap u-layout-wrap-1\">\n          <div class=\"u-gutter-0 u-layout\">\n            <div class=\"u-layout-row\">\n              <div class=\"u-size-30 u-size-60-md\">\n                <div class=\"u-layout-row\">\n                  <div class=\"u-align-left u-container-align-left u-container-style u-image u-layout-cell u-left-cell u-size-60 u-image-1\" src=\"\" data-image-width=\"1420\" data-image-height=\"2130\" style=\"background-image: url(&quot;https:\/\/solustores.ch\/wp-content\/uploads\/2024\/10\/Z90.jpg&quot;);\">\n                    <div class=\"u-container-layout u-container-layout-1\" src=\"\"><\/div>\n                  <\/div>\n                <\/div>\n              <\/div>\n              <div class=\"u-size-30 u-size-60-md\">\n                <div class=\"u-layout-col\">\n                  <div class=\"u-align-left u-container-align-left u-container-style u-image u-layout-cell u-right-cell u-size-40 u-image-2\" data-image-width=\"1920\" data-image-height=\"1054\" style=\"background-image: url(&quot;https:\/\/solustores.ch\/wp-content\/uploads\/2024\/10\/Z90-2.jpg&quot;);\">\n                    <div class=\"u-container-layout u-valign-middle u-container-layout-2\" src=\"\"><\/div>\n                  <\/div>\n                  <div class=\"u-container-style u-layout-cell u-right-cell u-size-20 u-white u-layout-cell-3\" src=\"\">\n                    <div class=\"u-container-layout u-container-layout-3\">\n                      <h2 class=\"u-align-left u-text u-text-1\">Stores \u00e0 Lamelles en Z de 70 ou&nbsp;90 mm<\/h2>\n                      <p class=\"u-align-justify u-text u-text-2\"> Les brises soleil orientables avec des lames en forme de Z sont les produits de protection solaire les plus utilis\u00e9s pour les maisons et les appartements.&nbsp;<br>\n                        <br>Gr\u00e2ce aux brises soleil orientables vous stoppez les rayons de soleil avant m\u00eame qu\u00b4ils n\u2019atteignent les fen\u00eatres et il devient possible de r\u00e9guler la quantit\u00e9 de lumi\u00e8re tout en a\u00e9rant. Ces stores pr\u00e9servent votre intimit\u00e9 et cr\u00e9ent une ambiance agr\u00e9able en famille.<br>\n                        <br>Manuels ou motoris\u00e9s ils s'adaptent tr\u00e8s bien devant des petites fen\u00eatres comme de grandes baies vitr\u00e9es.\n                      <\/p>\n                      <img decoding=\"async\" class=\"u-image u-image-contain u-image-default u-preserve-proportions u-image-3\" src=\"https:\/\/solustores.ch\/wp-content\/uploads\/2024\/10\/Griesser.jpg\" alt=\"\" data-image-width=\"1181\" data-image-height=\"1181\">\n                      <img decoding=\"async\" class=\"u-image u-image-contain u-image-default u-preserve-proportions u-image-4\" src=\"https:\/\/solustores.ch\/wp-content\/uploads\/2024\/10\/Climax.jpg\" alt=\"\" data-image-width=\"1181\" data-image-height=\"1181\">\n                    <\/div>\n                  <\/div>\n                <\/div>\n              <\/div>\n            <\/div>\n          <\/div>\n        <\/div>\n      <\/div>\n    <\/section>\n    <section class=\"u-clearfix u-white u-section-2\" id=\"carousel_c2ac\">\n      <div class=\"u-clearfix u-sheet u-sheet-1\">\n        <div class=\"data-layout-selected u-clearfix u-expanded-width u-gutter-18 u-layout-wrap u-layout-wrap-1\">\n          <div class=\"u-gutter-0 u-layout\">\n            <div class=\"u-layout-row\">\n              <div class=\"u-size-30 u-size-60-md\">\n                <div class=\"u-layout-col\">\n                  <div class=\"u-align-left u-container-align-left u-container-style u-image u-layout-cell u-right-cell u-size-40 u-image-1\" data-image-width=\"1600\" data-image-height=\"911\" style=\"background-image: url(&quot;https:\/\/solustores.ch\/wp-content\/uploads\/2024\/10\/C80-2.jpg&quot;);\">\n                    <div class=\"u-container-layout u-valign-middle u-container-layout-1\" src=\"\"><\/div>\n                  <\/div>\n                  <div class=\"u-container-style u-layout-cell u-right-cell u-size-20 u-white u-layout-cell-2\" src=\"\">\n                    <div class=\"u-container-layout u-container-layout-2\">\n                      <h2 class=\"u-align-left u-text u-text-default u-text-1\">Stores \u00e0 Lamelles<br>Bomb\u00e9es de&nbsp;<br>60 ou 80 mm\n                      <\/h2>\n                      <p class=\"u-align-justify u-text u-text-2\"> Les brises soleil orientables avec lames bomb\u00e9es en forme de C offrent la possibilit\u00e9 d\u2019ombrager des grandes fen\u00eatres.<br>\n                        <br>Gr\u00e2ce \u00e0 la forme courb\u00e9e en \u00ab&nbsp;C&nbsp;\u00bb des lames, vous pouvez les orienter dans les deux sens votre store afin de jouer avec les rayons du soleil pour faire entrer plus ou moins de lumi\u00e8res dans vos pi\u00e8ces.<br>\n                        <br>Les lames sont disponibles en largeur de 60 et 80 mm et le syst\u00e8me peut \u00eatre manuel ou motoris\u00e9.&nbsp;\n                      <\/p>\n                      <img decoding=\"async\" class=\"u-image u-image-contain u-image-default u-preserve-proportions u-image-2\" src=\"https:\/\/solustores.ch\/wp-content\/uploads\/2024\/10\/Griesser.jpg\" alt=\"\" data-image-width=\"1181\" data-image-height=\"1181\">\n                      <img decoding=\"async\" class=\"u-image u-image-contain u-image-default u-preserve-proportions u-image-3\" src=\"https:\/\/solustores.ch\/wp-content\/uploads\/2024\/10\/Climax.jpg\" alt=\"\" data-image-width=\"1181\" data-image-height=\"1181\">\n                    <\/div>\n                  <\/div>\n                <\/div>\n              <\/div>\n              <div class=\"u-size-30 u-size-60-md\">\n                <div class=\"u-layout-row\">\n                  <div class=\"u-align-left u-container-align-left u-container-style u-image u-layout-cell u-left-cell u-size-60 u-image-4\" src=\"\" data-image-width=\"984\" data-image-height=\"1396\" style=\"background-image: url(&quot;https:\/\/solustores.ch\/wp-content\/uploads\/2024\/10\/C80.jpg&quot;);\">\n                    <div class=\"u-container-layout u-valign-middle u-container-layout-3\" src=\"\"><\/div>\n                  <\/div>\n                <\/div>\n              <\/div>\n            <\/div>\n          <\/div>\n        <\/div>\n      <\/div>\n    <\/section>\n    <section class=\"u-clearfix u-white u-section-3\" id=\"carousel_3b32\">\n      <div class=\"u-clearfix u-sheet u-sheet-1\">\n        <div class=\"custom-expanded data-layout-selected u-clearfix u-gutter-18 u-layout-wrap u-layout-wrap-1\">\n          <div class=\"u-gutter-0 u-layout\">\n            <div class=\"u-layout-row\">\n              <div class=\"u-size-30 u-size-60-md\">\n                <div class=\"u-layout-row\">\n                  <div class=\"u-align-left u-container-align-left u-container-style u-image u-layout-cell u-left-cell u-size-60 u-image-1\" src=\"\" data-image-width=\"1196\" data-image-height=\"1698\" style=\"background-image: url(&quot;https:\/\/solustores.ch\/wp-content\/uploads\/2024\/10\/Tout-Metal-2.jpg&quot;);\">\n                    <div class=\"u-container-layout u-container-layout-1\" src=\"\"><\/div>\n                  <\/div>\n                <\/div>\n              <\/div>\n              <div class=\"u-size-30 u-size-60-md\">\n                <div class=\"u-layout-col\">\n                  <div class=\"u-align-left u-container-align-left u-container-style u-image u-layout-cell u-right-cell u-size-40 u-image-2\" data-image-width=\"1600\" data-image-height=\"920\" style=\"background-image: url(&quot;https:\/\/solustores.ch\/wp-content\/uploads\/2024\/10\/Tout-Metal-1.jpg&quot;);\">\n                    <div class=\"u-container-layout u-valign-middle u-container-layout-2\" src=\"\"><\/div>\n                  <\/div>\n                  <div class=\"u-container-style u-layout-cell u-right-cell u-size-20 u-white u-layout-cell-3\" src=\"\">\n                    <div class=\"u-container-layout u-valign-bottom u-container-layout-3\">\n                      <h2 class=\"u-align-left u-text u-text-default u-text-1\">Stores \u00e0 Lamelles<br>Tout M\u00e9tal\n                      <\/h2>\n                      <p class=\"u-align-justify u-text u-text-2\"> Le store Tout-M\u00e9tal est \u00e9quip\u00e9 de deux \u00e9l\u00e9ments de s\u00e9curit\u00e9 :&nbsp;<br>\n                        <br>- La s\u00e9curit\u00e9 anti-soul\u00e8vement emp\u00eache la remont\u00e9e des lames par une personne depuis l'extr\u00e9rieur lorsque le store est ferm\u00e9.&nbsp;<br>- Lors de la descente du store, la deuxi\u00e8me s\u00e9curit\u00e9 d\u00e9tecte tout obstacle solide et pr\u00e9vient ainsi tous d\u00e9g\u00e2ts et accidents.&nbsp;<br>\n                        <br>L'entrainement et l'orientation des lames se fait par un syst\u00e8me de chaine \u00e0 v\u00e9lo et de ciseaux int\u00e9gr\u00e9s aux coulisses.<br>\n                        <br>La largeur maximale du store est de 2,8 m, la hauteur maximale de 4,5 m et couvre une surface de 9 m\u00b2 au maximum.\n                      <\/p>\n                      <img decoding=\"async\" class=\"u-image u-image-contain u-image-default u-preserve-proportions u-image-3\" src=\"https:\/\/solustores.ch\/wp-content\/uploads\/2024\/10\/Griesser.jpg\" alt=\"\" data-image-width=\"1181\" data-image-height=\"1181\">\n                      <img decoding=\"async\" class=\"u-image u-image-contain u-image-default u-preserve-proportions u-image-4\" src=\"https:\/\/solustores.ch\/wp-content\/uploads\/2024\/10\/Climax.jpg\" alt=\"\" data-image-width=\"1181\" data-image-height=\"1181\">\n                    <\/div>\n                  <\/div>\n                <\/div>\n              <\/div>\n            <\/div>\n          <\/div>\n        <\/div>\n      <\/div>\n    <\/section>\n    <section class=\"u-clearfix u-white u-section-4\" id=\"carousel_f388\">\n      <div class=\"u-clearfix u-sheet u-sheet-1\">\n        <div class=\"data-layout-selected u-clearfix u-expanded-width u-gutter-18 u-layout-wrap u-layout-wrap-1\">\n          <div class=\"u-gutter-0 u-layout\">\n            <div class=\"u-layout-row\">\n              <div class=\"u-size-30 u-size-60-md\">\n                <div class=\"u-layout-col\">\n                  <div class=\"u-align-left u-container-align-left u-container-style u-image u-layout-cell u-right-cell u-size-40 u-image-1\" data-image-width=\"1761\" data-image-height=\"1109\" style=\"background-image: url(&quot;https:\/\/solustores.ch\/wp-content\/uploads\/2024\/10\/F80-4.jpg&quot;);\">\n                    <div class=\"u-container-layout u-valign-middle u-container-layout-1\" src=\"\"><\/div>\n                  <\/div>\n                  <div class=\"u-container-style u-layout-cell u-right-cell u-size-20 u-white u-layout-cell-2\" src=\"\">\n                    <div class=\"u-container-layout u-container-layout-2\">\n                      <h2 class=\"u-align-left u-text u-text-1\">Stores \u00e0 Lamelles<br>Plates de 50 ou&nbsp;<br>80 mm\n                      <\/h2>\n                      <p class=\"u-align-justify u-text u-text-2\"> Les brises soleil orientables \u00e0 lames plates se composent de lames de 50 ou 80 mm de largeur en forme de \u00ab&nbsp;C&nbsp;\u00bb.&nbsp;<br>\n                        <br>Ils conviennent notamment \u00e0 l\u00b4ombrage des fen\u00eatres align\u00e9es des b\u00e2timents administratifs et des grandes fen\u00eatres des b\u00e2timents commerciaux.&nbsp;<br>\n                        <br>Le plus grand atout de ce type de store est son paquet r\u00e9duit de lames repli\u00e9es.&nbsp;<br>\n                        <br>Le store remont\u00e9 n\u00b4affecte qu\u00b4\u00e0 peine la luminosit\u00e9 de la hauteur libre de la fen\u00eatre.\n                      <\/p>\n                      <img decoding=\"async\" class=\"u-image u-image-contain u-image-default u-preserve-proportions u-image-2\" src=\"https:\/\/solustores.ch\/wp-content\/uploads\/2024\/10\/Griesser.jpg\" alt=\"\" data-image-width=\"1181\" data-image-height=\"1181\">\n                      <img decoding=\"async\" class=\"u-image u-image-contain u-image-default u-preserve-proportions u-image-3\" src=\"https:\/\/solustores.ch\/wp-content\/uploads\/2024\/10\/Climax.jpg\" alt=\"\" data-image-width=\"1181\" data-image-height=\"1181\">\n                    <\/div>\n                  <\/div>\n                <\/div>\n              <\/div>\n              <div class=\"u-size-30 u-size-60-md\">\n                <div class=\"u-layout-row\">\n                  <div class=\"u-align-left u-container-align-left u-container-style u-image u-layout-cell u-left-cell u-size-60 u-image-4\" src=\"\" data-image-width=\"963\" data-image-height=\"1396\" style=\"background-image: url(&quot;https:\/\/solustores.ch\/wp-content\/uploads\/2024\/10\/F80-3.jpg&quot;);\">\n                    <div class=\"u-container-layout u-valign-middle u-container-layout-3\" src=\"\"><\/div>\n                  <\/div>\n                <\/div>\n              <\/div>\n            <\/div>\n          <\/div>\n        <\/div>\n      <\/div>\n    <\/section>\n    \n    \n    \n    \n    \n  \n","protected":false},"excerpt":{"rendered":"<p>Stores \u00e0 Lamelles en Z de 70 ou&nbsp;90 mm Les brises soleil orientables avec des lames en forme de Z sont les produits de protection solaire les plus utilis\u00e9s pour les maisons et les appartements.&nbsp; Gr\u00e2ce aux brises soleil orientables vous stoppez les rayons de soleil avant m\u00eame qu\u00b4ils n\u2019atteignent les fen\u00eatres et il devient &hellip; <a href=\"https:\/\/solustores.ch\/index.php\/bso\/\" class=\"more-link\">Continue reading<span class=\"screen-reader-text\"> \u00ab\u00a0BSO\u00a0\u00bb<\/span><\/a><\/p>\n","protected":false},"author":1,"featured_media":0,"parent":0,"menu_order":4,"comment_status":"closed","ping_status":"closed","template":"","meta":{"footnotes":""},"class_list":["post-252","page","type-page","status-publish","hentry"],"_links":{"self":[{"href":"https:\/\/solustores.ch\/index.php\/wp-json\/wp\/v2\/pages\/252","targetHints":{"allow":["GET"]}}],"collection":[{"href":"https:\/\/solustores.ch\/index.php\/wp-json\/wp\/v2\/pages"}],"about":[{"href":"https:\/\/solustores.ch\/index.php\/wp-json\/wp\/v2\/types\/page"}],"author":[{"embeddable":true,"href":"https:\/\/solustores.ch\/index.php\/wp-json\/wp\/v2\/users\/1"}],"replies":[{"embeddable":true,"href":"https:\/\/solustores.ch\/index.php\/wp-json\/wp\/v2\/comments?post=252"}],"version-history":[{"count":1,"href":"https:\/\/solustores.ch\/index.php\/wp-json\/wp\/v2\/pages\/252\/revisions"}],"predecessor-version":[{"id":273,"href":"https:\/\/solustores.ch\/index.php\/wp-json\/wp\/v2\/pages\/252\/revisions\/273"}],"wp:attachment":[{"href":"https:\/\/solustores.ch\/index.php\/wp-json\/wp\/v2\/media?parent=252"}],"curies":[{"name":"wp","href":"https:\/\/api.w.org\/{rel}","templated":true}]}}