{"id":253,"date":"2024-10-14T06:20:04","date_gmt":"2024-10-14T04:20:04","guid":{"rendered":"https:\/\/solustores.ch\/index.php\/stores-empilables\/"},"modified":"2024-10-14T06:20:16","modified_gmt":"2024-10-14T04:20:16","slug":"stores-empilables","status":"publish","type":"page","link":"https:\/\/solustores.ch\/index.php\/stores-empilables\/","title":{"rendered":"Stores Empilables"},"content":{"rendered":"\n  \n    <section class=\"u-clearfix u-white u-section-1\" id=\"sec-f32e\">\n      <div class=\"u-clearfix u-sheet u-sheet-1\">\n        <div class=\"data-layout-selected u-clearfix u-expanded-width u-gutter-18 u-layout-wrap u-layout-wrap-1\">\n          <div class=\"u-gutter-0 u-layout\" style=\"\">\n            <div class=\"u-layout-row\" style=\"\">\n              <div class=\"u-size-30 u-size-60-md\">\n                <div class=\"u-layout-row\">\n                  <div class=\"u-align-left u-container-align-left u-container-style u-image u-layout-cell u-left-cell u-size-60 u-image-1\" src=\"\" data-image-width=\"1000\" data-image-height=\"667\" style=\"background-image: url(&quot;https:\/\/solustores.ch\/wp-content\/uploads\/2024\/10\/regapak-6.jpg&quot;);\">\n                    <div class=\"u-container-layout u-container-layout-1\" src=\"\"><\/div>\n                  <\/div>\n                <\/div>\n              <\/div>\n              <div class=\"u-size-30 u-size-60-md\" style=\"\">\n                <div class=\"u-layout-col\" style=\"\">\n                  <div class=\"u-align-left u-container-align-left u-container-style u-image u-layout-cell u-right-cell u-size-40 u-image-2\" data-image-width=\"3000\" data-image-height=\"2250\" style=\"background-image: url(&quot;https:\/\/solustores.ch\/wp-content\/uploads\/2024\/10\/Fraubrunnen-MFH-EM-170620-3-3000x2250-1.jpg&quot;);\">\n                    <div class=\"u-container-layout u-valign-middle u-container-layout-2\" src=\"\"><\/div>\n                  <\/div>\n                  <div class=\"u-container-style u-layout-cell u-right-cell u-size-20 u-white u-layout-cell-3\" src=\"\">\n                    <div class=\"u-container-layout u-container-layout-3\">\n                      <h2 class=\"u-align-left u-text u-text-default u-text-1\">Stores Empilables<\/h2>\n                      <p class=\"u-align-justify u-text u-text-2\"> Le store empilable est une alternative aux brise-soleil orientables pour prot\u00e9ger du soleil et du vis-\u00e0-vis.&nbsp;<br>Ce store est id\u00e9al pour les chambres \u00e0 coucher car il est parfaitement obscurcissant.<br>\n                        <br>Le syst\u00e8me d'empilement des lames permet d'installer ce store dans une niche standard.<br>\n                        <br>Des\najours en les lames font entrer la lumi\u00e8re et permettent le renouvellement de l\u2019air.&nbsp;<br>\n                        <br>Ce syst\u00e8me garantit une protection contre le relevage en position ferm\u00e9e ainsi qu'une d\u00e9tection d'obstacle en version motoris\u00e9e.<br>\n                      <\/p>\n                      <img decoding=\"async\" class=\"u-image u-image-contain u-image-default u-preserve-proportions u-image-3\" src=\"https:\/\/solustores.ch\/wp-content\/uploads\/2024\/10\/Regazzi.jpg\" alt=\"\" data-image-width=\"1181\" data-image-height=\"1181\">\n                      <img decoding=\"async\" class=\"u-image u-image-contain u-image-default u-preserve-proportions u-image-4\" src=\"https:\/\/solustores.ch\/wp-content\/uploads\/2024\/10\/Griesser.jpg\" alt=\"\" data-image-width=\"1181\" data-image-height=\"1181\">\n                    <\/div>\n                  <\/div>\n                <\/div>\n              <\/div>\n            <\/div>\n          <\/div>\n        <\/div>\n      <\/div>\n    <\/section>\n    <section class=\"u-clearfix u-section-2\" id=\"sec-bc6d\">\n      <div class=\"u-clearfix u-sheet u-video u-video-1\">\n        <div class=\"u-absolute-hcenter u-background-video u-expanded\" style=\"\">\n          <div class=\"embed-responsive embed-responsive-1\">\n            <iframe style=\"position: absolute;top: 0;left: 0;width: 100%;height: 100%;\" class=\"embed-responsive-item\" src=\"https:\/\/www.youtube.com\/embed\/JvTvGOdZrvY?playlist=JvTvGOdZrvY&amp;loop=1&amp;mute=1&amp;showinfo=0&amp;controls=0&amp;start=0&amp;autoplay=1\" data-autoplay=\"1\" frameborder=\"0\" allowfullscreen=\"\"><\/iframe>\n          <\/div>\n          <div class=\"u-video-shading\"><\/div>\n        <\/div>\n      <\/div>\n    <\/section>\n    \n    \n    \n    \n    \n  \n","protected":false},"excerpt":{"rendered":"<p>Stores Empilables Le store empilable est une alternative aux brise-soleil orientables pour prot\u00e9ger du soleil et du vis-\u00e0-vis.&nbsp;Ce store est id\u00e9al pour les chambres \u00e0 coucher car il est parfaitement obscurcissant. Le syst\u00e8me d&#8217;empilement des lames permet d&rsquo;installer ce store dans une niche standard. Des ajours en les lames font entrer la lumi\u00e8re et permettent &hellip; <a href=\"https:\/\/solustores.ch\/index.php\/stores-empilables\/\" class=\"more-link\">Continue reading<span class=\"screen-reader-text\"> \u00ab\u00a0Stores Empilables\u00a0\u00bb<\/span><\/a><\/p>\n","protected":false},"author":1,"featured_media":0,"parent":0,"menu_order":5,"comment_status":"closed","ping_status":"closed","template":"","meta":{"footnotes":""},"class_list":["post-253","page","type-page","status-publish","hentry"],"_links":{"self":[{"href":"https:\/\/solustores.ch\/index.php\/wp-json\/wp\/v2\/pages\/253","targetHints":{"allow":["GET"]}}],"collection":[{"href":"https:\/\/solustores.ch\/index.php\/wp-json\/wp\/v2\/pages"}],"about":[{"href":"https:\/\/solustores.ch\/index.php\/wp-json\/wp\/v2\/types\/page"}],"author":[{"embeddable":true,"href":"https:\/\/solustores.ch\/index.php\/wp-json\/wp\/v2\/users\/1"}],"replies":[{"embeddable":true,"href":"https:\/\/solustores.ch\/index.php\/wp-json\/wp\/v2\/comments?post=253"}],"version-history":[{"count":1,"href":"https:\/\/solustores.ch\/index.php\/wp-json\/wp\/v2\/pages\/253\/revisions"}],"predecessor-version":[{"id":274,"href":"https:\/\/solustores.ch\/index.php\/wp-json\/wp\/v2\/pages\/253\/revisions\/274"}],"wp:attachment":[{"href":"https:\/\/solustores.ch\/index.php\/wp-json\/wp\/v2\/media?parent=253"}],"curies":[{"name":"wp","href":"https:\/\/api.w.org\/{rel}","templated":true}]}}