{"id":256,"date":"2024-10-14T06:20:07","date_gmt":"2024-10-14T04:20:07","guid":{"rendered":"https:\/\/solustores.ch\/index.php\/stores-bannes-et-verticaux\/"},"modified":"2024-10-14T06:20:16","modified_gmt":"2024-10-14T04:20:16","slug":"stores-bannes-et-verticaux","status":"publish","type":"page","link":"https:\/\/solustores.ch\/index.php\/stores-bannes-et-verticaux\/","title":{"rendered":"Stores Bannes et Verticaux"},"content":{"rendered":"\n  \n    <section class=\"u-clearfix u-white u-section-1\" id=\"sec-f32e\">\n      <div class=\"u-clearfix u-sheet u-sheet-1\">\n        <div class=\"data-layout-selected u-clearfix u-expanded-width u-gutter-18 u-layout-wrap u-layout-wrap-1\">\n          <div class=\"u-gutter-0 u-layout\">\n            <div class=\"u-layout-row\">\n              <div class=\"u-size-30 u-size-60-md\">\n                <div class=\"u-layout-row\">\n                  <div class=\"u-align-left u-container-align-left u-container-style u-image u-layout-cell u-left-cell u-size-60 u-image-1\" src=\"\" data-image-width=\"1000\" data-image-height=\"1500\" style=\"background-image: url(&quot;https:\/\/solustores.ch\/wp-content\/uploads\/2024\/10\/Store-Banne-Ouvert.jpg&quot;);\">\n                    <div class=\"u-container-layout u-container-layout-1\" src=\"\"><\/div>\n                  <\/div>\n                <\/div>\n              <\/div>\n              <div class=\"u-size-30 u-size-60-md\">\n                <div class=\"u-layout-col\">\n                  <div class=\"u-align-left u-container-align-left u-container-style u-image u-layout-cell u-right-cell u-size-40 u-image-2\" data-image-width=\"3543\" data-image-height=\"2346\" style=\"background-image: url(&quot;https:\/\/solustores.ch\/wp-content\/uploads\/2024\/10\/STOBAG_S2160-2_033.jpg&quot;);\">\n                    <div class=\"u-container-layout u-valign-middle u-container-layout-2\" src=\"\"><\/div>\n                  <\/div>\n                  <div class=\"u-align-left u-container-align-left u-container-style u-layout-cell u-right-cell u-size-20 u-white u-layout-cell-3\" src=\"\">\n                    <div class=\"u-container-layout u-valign-bottom u-container-layout-3\">\n                      <h2 class=\"u-text u-text-default u-text-1\">Store Banne Ouvert<\/h2>\n                      <p class=\"u-text u-text-2\">Les stores bannes ouverts servent \u00e0 prot\u00e9ger du soleil une terrasse ou un balcon.<br>\n                        <br>Un mod\u00e8le ouvert n'a pas de caisson pour prot\u00e9ger la toile lorsqu'elle est enroul\u00e9e. Il est appropri\u00e9 quand le store est install\u00e9 sous une avanc\u00e9e de toit ou sous un balcon qui va prot\u00e9ger naturellement la toile enroul\u00e9e contre les intemp\u00e9ries.<br>\n                        <br>Ces stores s'installent de face, sous dalle ou sous chevrons, ils sont manuels ou motoris\u00e9s.<br>\n                        <br>Dimensions maximale : 18 x 3.5 m\n                      <\/p>\n                      <img decoding=\"async\" class=\"u-image u-image-contain u-image-default u-preserve-proportions u-image-3\" src=\"https:\/\/solustores.ch\/wp-content\/uploads\/2024\/10\/Stobag.jpg\" alt=\"\" data-image-width=\"1181\" data-image-height=\"1181\">\n                    <\/div>\n                  <\/div>\n                <\/div>\n              <\/div>\n            <\/div>\n          <\/div>\n        <\/div>\n      <\/div>\n    <\/section>\n    <section class=\"u-clearfix u-white u-section-2\" id=\"carousel_b3ec\">\n      <div class=\"u-clearfix u-sheet u-sheet-1\">\n        <div class=\"data-layout-selected u-clearfix u-expanded-width u-gutter-18 u-layout-wrap u-layout-wrap-1\">\n          <div class=\"u-gutter-0 u-layout\">\n            <div class=\"u-layout-row\">\n              <div class=\"u-size-30 u-size-60-md\">\n                <div class=\"u-layout-col\">\n                  <div class=\"u-align-left u-container-align-left u-container-style u-image u-layout-cell u-right-cell u-size-40 u-image-1\" data-image-width=\"3543\" data-image-height=\"3285\" style=\"background-image: url(&quot;https:\/\/solustores.ch\/wp-content\/uploads\/2024\/10\/STOBAG_BX4700_002_full-size.jpg&quot;);\">\n                    <div class=\"u-container-layout u-valign-middle u-container-layout-1\" src=\"\"><\/div>\n                  <\/div>\n                  <div class=\"u-align-left u-container-align-left u-container-style u-layout-cell u-right-cell u-size-20 u-white u-layout-cell-2\" src=\"\">\n                    <div class=\"u-container-layout u-valign-bottom u-container-layout-2\">\n                      <h2 class=\"u-text u-text-default u-text-1\">Store Banne Coffre<\/h2>\n                      <p class=\"u-text u-text-2\">Ce mod\u00e8le poss\u00e8de un caisson qui garantit une protection int\u00e9grale de la toile en position enroul\u00e9e.<br>\n                        <br>Lorsque la toile est enroul\u00e9e, tout le m\u00e9canisme et la toile disparaissent dans le coffre.<br>\n                        <br>Ces stores s'installent de face, sous dalle ou sous chevrons, ils sont manuels ou motoris\u00e9s.<br>\n                        <br>Dimensions maximale : 18 x 4 m (selon les mod\u00e8les)<br>\n                        <br>\n                      <\/p>\n                      <img decoding=\"async\" class=\"u-image u-image-contain u-image-default u-preserve-proportions u-image-2\" src=\"https:\/\/solustores.ch\/wp-content\/uploads\/2024\/10\/Stobag.jpg\" alt=\"\" data-image-width=\"1181\" data-image-height=\"1181\">\n                    <\/div>\n                  <\/div>\n                <\/div>\n              <\/div>\n              <div class=\"u-size-30 u-size-60-md\">\n                <div class=\"u-layout-row\">\n                  <div class=\"u-align-left u-container-align-left u-container-style u-image u-layout-cell u-left-cell u-size-60 u-image-3\" src=\"\" data-image-width=\"3543\" data-image-height=\"2657\" style=\"background-image: url(&quot;https:\/\/solustores.ch\/wp-content\/uploads\/2024\/10\/STOBAG_BX4700_001_4zu3.jpg&quot;);\">\n                    <div class=\"u-container-layout u-valign-middle u-container-layout-3\" src=\"\"><\/div>\n                  <\/div>\n                <\/div>\n              <\/div>\n            <\/div>\n          <\/div>\n        <\/div>\n      <\/div>\n    <\/section>\n    <section class=\"u-clearfix u-white u-section-3\" id=\"carousel_3b32\">\n      <div class=\"u-clearfix u-sheet u-sheet-1\">\n        <div class=\"custom-expanded data-layout-selected u-clearfix u-gutter-18 u-layout-wrap u-layout-wrap-1\">\n          <div class=\"u-gutter-0 u-layout\">\n            <div class=\"u-layout-row\">\n              <div class=\"u-size-30 u-size-60-md\">\n                <div class=\"u-layout-row\">\n                  <div class=\"u-align-left u-container-align-left u-container-style u-image u-layout-cell u-left-cell u-size-60 u-image-1\" src=\"\" data-image-width=\"3543\" data-image-height=\"2362\" style=\"background-image: url(&quot;https:\/\/solustores.ch\/wp-content\/uploads\/2024\/10\/STOBAG_GP3100-PS2500-VM720-3_037.jpg&quot;);\">\n                    <div class=\"u-container-layout u-container-layout-1\" src=\"\"><\/div>\n                  <\/div>\n                <\/div>\n              <\/div>\n              <div class=\"u-size-30 u-size-60-md\">\n                <div class=\"u-layout-col\">\n                  <div class=\"u-align-left u-container-align-left u-container-style u-image u-layout-cell u-right-cell u-size-40 u-image-2\" data-image-width=\"3543\" data-image-height=\"2372\" style=\"background-image: url(&quot;https:\/\/solustores.ch\/wp-content\/uploads\/2024\/10\/STOBAG_VS5100_014.jpg&quot;);\">\n                    <div class=\"u-container-layout u-valign-middle u-container-layout-2\" src=\"\"><\/div>\n                  <\/div>\n                  <div class=\"u-align-left u-container-align-left u-container-style u-layout-cell u-right-cell u-size-20 u-white u-layout-cell-3\" src=\"\">\n                    <div class=\"u-container-layout u-valign-bottom u-container-layout-3\">\n                      <h2 class=\"u-text u-text-default u-text-1\">Screen ZIP<\/h2>\n                      <p class=\"u-text u-text-2\">Ce type de store est une store toile vertical qui permet de prot\u00e9ger votre ouverture contre le soleil m\u00eame par temps venteux.<br>\n                        <br>Le syst\u00e8me de fermeture \u00e9clair soud\u00e9 sur les bords de la toile (ZIP) permet de guider la toile de mani\u00e8re optimale dans les coulisses et de conserver une tension \u00e9lev\u00e9e de la toile m\u00eame en cas de vent, de tel sorte que la toile ne peut alors pas sortir des guides verticaux.<br>\n                        <br>Selon les mod\u00e8les, le store peut tenir bon jusqu'\u00e0 92 km\/h de force de vent.<br>\n                        <br>Ce syst\u00e8me offre la possibilit\u00e9 de couvrir de grandes ouvertures - Dimensions maximales : 6 x 7 m\n                      <\/p>\n                      <img decoding=\"async\" class=\"u-image u-image-contain u-image-default u-preserve-proportions u-image-3\" src=\"https:\/\/solustores.ch\/wp-content\/uploads\/2024\/10\/Stobag.jpg\" alt=\"\" data-image-width=\"1181\" data-image-height=\"1181\">\n                      <img decoding=\"async\" class=\"u-image u-image-contain u-image-default u-preserve-proportions u-image-4\" src=\"https:\/\/solustores.ch\/wp-content\/uploads\/2024\/10\/Griesser.jpg\" alt=\"\" data-image-width=\"1181\" data-image-height=\"1181\">\n                    <\/div>\n                  <\/div>\n                <\/div>\n              <\/div>\n            <\/div>\n          <\/div>\n        <\/div>\n      <\/div>\n    <\/section>\n    <section class=\"u-clearfix u-white u-section-4\" id=\"carousel_c2ac\">\n      <div class=\"u-clearfix u-sheet u-sheet-1\">\n        <div class=\"data-layout-selected u-clearfix u-expanded-width u-gutter-18 u-layout-wrap u-layout-wrap-1\">\n          <div class=\"u-gutter-0 u-layout\">\n            <div class=\"u-layout-row\">\n              <div class=\"u-size-30 u-size-60-md\">\n                <div class=\"u-layout-col\">\n                  <div class=\"u-align-left u-container-align-left u-container-style u-image u-layout-cell u-right-cell u-size-40 u-image-1\" data-image-width=\"4032\" data-image-height=\"2268\" style=\"background-image: url(&quot;https:\/\/solustores.ch\/wp-content\/uploads\/2024\/10\/20170704_153604.jpg&quot;);\">\n                    <div class=\"u-container-layout u-valign-middle u-container-layout-1\" src=\"\"><\/div>\n                  <\/div>\n                  <div class=\"u-align-left u-container-align-left u-container-style u-layout-cell u-right-cell u-size-20 u-white u-layout-cell-2\" src=\"\">\n                    <div class=\"u-container-layout u-container-layout-2\">\n                      <h2 class=\"u-text u-text-default u-text-1\">Store \u00e0 Descente Verticale<\/h2>\n                      <p class=\"u-text u-text-2\">Ce type de store est majoritairement utilis\u00e9 pour prot\u00e9ger les balcons contre le soleil.<br>\n                        <br>Ce type de store s'installe sous dalle ou en fa\u00e7ade, la toile peut \u00eatre guid\u00e9 par des c\u00e2bles inox, des tiges inox ou des coulisses. Il peut \u00eatre \u00e9quip\u00e9 ou non d'un caisson prot\u00e9geant la toile en position enroul\u00e9e.<br>\n                        <br>La toile est guid\u00e9e en partie basse mais reste libre sur les c\u00f4t\u00e9s, sa r\u00e9sistance au vent est plus faible qu'avec un screen ZIP.<br>\n                        <br>Ces stores peuvent \u00eatre manuels ou motoris\u00e9s.<br>\n                        <br>Dimensions maximales : 5 x 4 m\n                      <\/p>\n                      <img decoding=\"async\" class=\"u-image u-image-contain u-image-default u-preserve-proportions u-image-2\" src=\"https:\/\/solustores.ch\/wp-content\/uploads\/2024\/10\/Stobag.jpg\" alt=\"\" data-image-width=\"1181\" data-image-height=\"1181\">\n                      <img decoding=\"async\" class=\"u-image u-image-contain u-image-default u-preserve-proportions u-image-3\" src=\"https:\/\/solustores.ch\/wp-content\/uploads\/2024\/10\/Griesser.jpg\" alt=\"\" data-image-width=\"1181\" data-image-height=\"1181\">\n                    <\/div>\n                  <\/div>\n                <\/div>\n              <\/div>\n              <div class=\"u-size-30 u-size-60-md\">\n                <div class=\"u-layout-row\">\n                  <div class=\"u-align-left u-container-align-left u-container-style u-image u-layout-cell u-left-cell u-size-60 u-image-4\" src=\"\" data-image-width=\"2480\" data-image-height=\"3543\" style=\"background-image: url(&quot;https:\/\/solustores.ch\/wp-content\/uploads\/2024\/10\/STOBAG_VS5200_005.jpg&quot;);\">\n                    <div class=\"u-container-layout u-valign-middle u-container-layout-3\" src=\"\"><\/div>\n                  <\/div>\n                <\/div>\n              <\/div>\n            <\/div>\n          <\/div>\n        <\/div>\n      <\/div>\n    <\/section>\n    <section class=\"u-clearfix u-white u-section-5\" id=\"carousel_7703\">\n      <div class=\"u-clearfix u-sheet u-sheet-1\">\n        <div class=\"data-layout-selected u-clearfix u-expanded-width u-gutter-18 u-layout-wrap u-layout-wrap-1\">\n          <div class=\"u-gutter-0 u-layout\">\n            <div class=\"u-layout-row\">\n              <div class=\"u-size-30 u-size-60-md\">\n                <div class=\"u-layout-row\">\n                  <div class=\"u-align-left u-container-align-left u-container-style u-image u-layout-cell u-left-cell u-size-60 u-image-1\" src=\"\" data-image-width=\"4032\" data-image-height=\"1816\" style=\"background-image: url(&quot;https:\/\/solustores.ch\/wp-content\/uploads\/2024\/10\/20210428_162058.jpg&quot;);\">\n                    <div class=\"u-container-layout u-container-layout-1\" src=\"\"><\/div>\n                  <\/div>\n                <\/div>\n              <\/div>\n              <div class=\"u-size-30 u-size-60-md\">\n                <div class=\"u-layout-col\">\n                  <div class=\"u-align-left u-container-align-left u-container-style u-image u-layout-cell u-right-cell u-size-40 u-image-2\" data-image-width=\"4032\" data-image-height=\"1960\" style=\"background-image: url(&quot;https:\/\/solustores.ch\/wp-content\/uploads\/2024\/10\/20201123_131545.jpg&quot;);\">\n                    <div class=\"u-container-layout u-valign-middle u-container-layout-2\" src=\"\"><\/div>\n                  <\/div>\n                  <div class=\"u-align-left u-container-align-left u-container-style u-layout-cell u-right-cell u-size-20 u-white u-layout-cell-3\" src=\"\">\n                    <div class=\"u-container-layout u-container-layout-3\">\n                      <h2 class=\"u-text u-text-default u-text-1\">Stores \u00e0 Projection<\/h2>\n                      <p class=\"u-text u-text-2\">Ce type de store s'installe en fa\u00e7ade pour prot\u00e9ger une fen\u00eatre ou sous dalle pour prot\u00e9ger un balcon.<br>\n                        <br>Les bras de projection permettent \u00e0 la toile d'\u00eatre en partie projet\u00e9e vers l'ext\u00e9rieur pour laisser circuler plus d'air et offrir plus de vision sur l'ext\u00e9rieur.<br>\n                        <br>Ces stores peuvent \u00eatre manuels ou motoris\u00e9s, avec vous sans coffre.\n                      <\/p>\n                      <img decoding=\"async\" class=\"u-image u-image-contain u-image-default u-preserve-proportions u-image-3\" src=\"https:\/\/solustores.ch\/wp-content\/uploads\/2024\/10\/Stobag.jpg\" alt=\"\" data-image-width=\"1181\" data-image-height=\"1181\">\n                      <img decoding=\"async\" class=\"u-image u-image-contain u-image-default u-preserve-proportions u-image-4\" src=\"https:\/\/solustores.ch\/wp-content\/uploads\/2024\/10\/KEDesign.png\" alt=\"\" data-image-width=\"276\" data-image-height=\"183\">\n                    <\/div>\n                  <\/div>\n                <\/div>\n              <\/div>\n            <\/div>\n          <\/div>\n        <\/div>\n      <\/div>\n    <\/section>\n    <section class=\"u-clearfix u-white u-section-6\" id=\"carousel_04ab\">\n      <div class=\"u-clearfix u-sheet u-valign-middle u-sheet-1\">\n        <div class=\"data-layout-selected u-clearfix u-expanded-width u-gutter-18 u-layout-wrap u-layout-wrap-1\">\n          <div class=\"u-gutter-0 u-layout\">\n            <div class=\"u-layout-row\">\n              <div class=\"u-size-30 u-size-60-md\">\n                <div class=\"u-layout-col\">\n                  <div class=\"u-align-left u-container-align-left u-container-style u-image u-layout-cell u-right-cell u-size-40 u-image-1\" data-image-width=\"2000\" data-image-height=\"1500\" style=\"background-image: url(&quot;https:\/\/solustores.ch\/wp-content\/uploads\/2024\/10\/Ecran-Latral.jpg&quot;);\">\n                    <div class=\"u-container-layout u-valign-middle u-container-layout-1\" src=\"\"><\/div>\n                  <\/div>\n                  <div class=\"u-align-left u-container-align-left u-container-style u-layout-cell u-right-cell u-size-20 u-white u-layout-cell-2\" src=\"\">\n                    <div class=\"u-container-layout u-container-layout-2\">\n                      <h2 class=\"u-text u-text-default u-text-1\">Ecran Lat\u00e9ral <\/h2>\n                      <p class=\"u-text u-text-2\">Ce syst\u00e8me est une toile verticale enroulable qui permet de prot\u00e9ger contre le vis-a-vis avec un tiers, contre le soleil et contre le vent.&nbsp;<br>\n                        <br>Il s'installe et s'utilise tr\u00e8s facilement.<br>\n                        <br>La toile peut \u00eatre accord\u00e9e avec le coloris d'un store banne install\u00e9 \u00e0 proximit\u00e9.\n                      <\/p>\n                      <img decoding=\"async\" class=\"u-image u-image-contain u-image-default u-preserve-proportions u-image-2\" src=\"https:\/\/solustores.ch\/wp-content\/uploads\/2024\/10\/Stobag.jpg\" alt=\"\" data-image-width=\"1181\" data-image-height=\"1181\">\n                    <\/div>\n                  <\/div>\n                <\/div>\n              <\/div>\n              <div class=\"u-size-30 u-size-60-md\">\n                <div class=\"u-layout-row\">\n                  <div class=\"u-align-left u-container-align-left u-container-style u-image u-layout-cell u-left-cell u-size-60 u-image-3\" src=\"\" data-image-width=\"1576\" data-image-height=\"1080\" style=\"background-image: url(&quot;https:\/\/solustores.ch\/wp-content\/uploads\/2024\/10\/StobagSiro.jpg&quot;);\">\n                    <div class=\"u-container-layout u-valign-middle u-container-layout-3\" src=\"\"><\/div>\n                  <\/div>\n                <\/div>\n              <\/div>\n            <\/div>\n          <\/div>\n        <\/div>\n      <\/div>\n    <\/section>\n    \n    \n    \n    \n    \n  \n","protected":false},"excerpt":{"rendered":"<p>Store Banne Ouvert Les stores bannes ouverts servent \u00e0 prot\u00e9ger du soleil une terrasse ou un balcon. Un mod\u00e8le ouvert n&rsquo;a pas de caisson pour prot\u00e9ger la toile lorsqu&rsquo;elle est enroul\u00e9e. Il est appropri\u00e9 quand le store est install\u00e9 sous une avanc\u00e9e de toit ou sous un balcon qui va prot\u00e9ger naturellement la toile enroul\u00e9e &hellip; <a href=\"https:\/\/solustores.ch\/index.php\/stores-bannes-et-verticaux\/\" class=\"more-link\">Continue reading<span class=\"screen-reader-text\"> \u00ab\u00a0Stores Bannes et Verticaux\u00a0\u00bb<\/span><\/a><\/p>\n","protected":false},"author":1,"featured_media":0,"parent":0,"menu_order":8,"comment_status":"closed","ping_status":"closed","template":"","meta":{"footnotes":""},"class_list":["post-256","page","type-page","status-publish","hentry"],"_links":{"self":[{"href":"https:\/\/solustores.ch\/index.php\/wp-json\/wp\/v2\/pages\/256","targetHints":{"allow":["GET"]}}],"collection":[{"href":"https:\/\/solustores.ch\/index.php\/wp-json\/wp\/v2\/pages"}],"about":[{"href":"https:\/\/solustores.ch\/index.php\/wp-json\/wp\/v2\/types\/page"}],"author":[{"embeddable":true,"href":"https:\/\/solustores.ch\/index.php\/wp-json\/wp\/v2\/users\/1"}],"replies":[{"embeddable":true,"href":"https:\/\/solustores.ch\/index.php\/wp-json\/wp\/v2\/comments?post=256"}],"version-history":[{"count":1,"href":"https:\/\/solustores.ch\/index.php\/wp-json\/wp\/v2\/pages\/256\/revisions"}],"predecessor-version":[{"id":277,"href":"https:\/\/solustores.ch\/index.php\/wp-json\/wp\/v2\/pages\/256\/revisions\/277"}],"wp:attachment":[{"href":"https:\/\/solustores.ch\/index.php\/wp-json\/wp\/v2\/media?parent=256"}],"curies":[{"name":"wp","href":"https:\/\/api.w.org\/{rel}","templated":true}]}}