{"id":257,"date":"2024-10-14T06:20:08","date_gmt":"2024-10-14T04:20:08","guid":{"rendered":"https:\/\/solustores.ch\/index.php\/remplacement-de-toiles\/"},"modified":"2024-10-14T06:20:16","modified_gmt":"2024-10-14T04:20:16","slug":"remplacement-de-toiles","status":"publish","type":"page","link":"https:\/\/solustores.ch\/index.php\/remplacement-de-toiles\/","title":{"rendered":"Remplacement de Toiles"},"content":{"rendered":"\n  \n    <section class=\"u-clearfix u-white u-section-1\" id=\"sec-f32e\">\n      <div class=\"u-clearfix u-sheet u-sheet-1\">\n        <div class=\"data-layout-selected u-clearfix u-expanded-width u-gutter-18 u-layout-wrap u-layout-wrap-1\">\n          <div class=\"u-gutter-0 u-layout\">\n            <div class=\"u-layout-row\">\n              <div class=\"u-size-NaN\">\n                <div class=\"u-layout-col\">\n                  <div class=\"u-align-left u-container-align-left u-container-style u-image u-layout-cell u-right-cell u-size-40 u-image-1\" data-image-width=\"1200\" data-image-height=\"600\" style=\"background-image: url(&quot;https:\/\/solustores.ch\/wp-content\/uploads\/2024\/10\/REMPLACMENT_TOILE_Solustores.jpg&quot;);\">\n                    <div class=\"u-container-layout u-valign-middle u-container-layout-1\" src=\"\"><\/div>\n                  <\/div>\n                  <div class=\"u-align-left u-container-align-left u-container-style u-layout-cell u-right-cell u-size-20 u-white u-layout-cell-2\" src=\"\">\n                    <div class=\"u-container-layout u-container-layout-2\">\n                      <h2 class=\"u-text u-text-default u-text-1\">Remplacement de Toiles Acryliques ou Techniques<\/h2>\n                      <p class=\"u-text u-text-2\">Donnez une seconde jeunesse \u00e0 votre store toile !<br>\n                        <br>Nous pouvons remplacer la toile de votre store et r\u00e9aliser un entretien (r\u00e9glage, graissage et nettoyage) de l'armature de votre store afin de prolonger sa dur\u00e9e de vie.<br>\n                        <br>Que ce soit avec une toile identique ou un nouveau coloris, notre atelier de confection r\u00e9alise vos toiles sur mesure et nous diffusons les principales marques pr\u00e9sentes sur le march\u00e9 Europ\u00e9en (Disckon Constant, Sattler, Para, Serge Ferrari, Mermet ...)<br>\n                        <br>Contactez nous pour obtenir un devis personnalis\u00e9 !\n                      <\/p>\n                      <img decoding=\"async\" class=\"u-image u-image-contain u-image-default u-preserve-proportions u-image-2\" src=\"https:\/\/solustores.ch\/wp-content\/uploads\/2024\/10\/Sattler-Solustores.jpg\" alt=\"\" data-image-width=\"1181\" data-image-height=\"1181\">\n                      <img decoding=\"async\" class=\"u-image u-image-contain u-image-default u-preserve-proportions u-image-3\" src=\"https:\/\/solustores.ch\/wp-content\/uploads\/2024\/10\/Logo-Para-Solustores.jpg\" alt=\"\" data-image-width=\"1181\" data-image-height=\"1181\">\n                      <img decoding=\"async\" class=\"u-image u-image-contain u-image-default u-preserve-proportions u-image-4\" src=\"https:\/\/solustores.ch\/wp-content\/uploads\/2024\/10\/Dickson-Constant.jpg\" alt=\"\" data-image-width=\"1181\" data-image-height=\"1181\">\n                      <img decoding=\"async\" class=\"u-image u-image-contain u-image-default u-preserve-proportions u-image-5\" src=\"https:\/\/solustores.ch\/wp-content\/uploads\/2024\/10\/Serge-Ferrari.jpg\" alt=\"\" data-image-width=\"1181\" data-image-height=\"1181\">\n                    <\/div>\n                  <\/div>\n                <\/div>\n              <\/div>\n            <\/div>\n          <\/div>\n        <\/div>\n      <\/div>\n    <\/section>\n    <section class=\"u-clearfix u-white u-section-2\" id=\"carousel_b3ec\">\n      <div class=\"u-clearfix u-sheet u-sheet-1\">\n        <div class=\"data-layout-selected u-clearfix u-expanded-width u-gutter-18 u-layout-wrap u-layout-wrap-1\">\n          <div class=\"u-gutter-0 u-layout\">\n            <div class=\"u-layout-row\">\n              <div class=\"u-size-60\">\n                <div class=\"u-layout-col\">\n                  <div class=\"u-size-40\">\n                    <div class=\"u-layout-row\">\n                      <div class=\"u-align-left u-container-align-left u-container-style u-image u-layout-cell u-right-cell u-size-30 u-image-1\" data-image-width=\"250\" data-image-height=\"166\" style=\"background-image: url(&quot;https:\/\/solustores.ch\/wp-content\/uploads\/2024\/10\/Volant-Led.webp&quot;);\">\n                        <div class=\"u-container-layout u-valign-middle u-container-layout-1\" src=\"\"><\/div>\n                      <\/div>\n                      <div class=\"cell-temp-clone u-align-left u-container-align-left u-container-style u-image u-layout-cell u-right-cell u-size-30 u-image-2\" data-image-width=\"4624\" data-image-height=\"2084\" style=\"background-image: url(&quot;https:\/\/solustores.ch\/wp-content\/uploads\/2024\/10\/20230322_083708.jpg&quot;);\">\n                        <div class=\"u-container-layout u-valign-middle u-container-layout-2\" src=\"\"><\/div>\n                      <\/div>\n                    <\/div>\n                  <\/div>\n                  <div class=\"u-size-20\">\n                    <div class=\"u-layout-row\">\n                      <div class=\"u-align-left u-container-align-left u-container-style u-layout-cell u-right-cell u-size-60 u-white u-layout-cell-3\" src=\"\">\n                        <div class=\"u-container-layout u-container-layout-3\">\n                          <h2 class=\"u-text u-text-default u-text-1\">Volant Publicitaire<\/h2>\n                          <p class=\"u-text u-text-2\">Rendez votre commerce plus visible gr\u00e2ce \u00e0 un volant publicitaire install\u00e9 directement sur votre store toile.<br>\n                            <br>Id\u00e9al pour les terrasses de caf\u00e9s \/ restaurant ou les devantures de boutiques, votre volant peut \u00eatre imprim\u00e9 ou lumineux (LED) si votre store est motoris\u00e9.<br>\n                            <br>Contactez nous pour obtenir votre devis personnalis\u00e9 et adapt\u00e9 \u00e0 votre commerce ! \n                          <\/p>\n                        <\/div>\n                      <\/div>\n                    <\/div>\n                  <\/div>\n                <\/div>\n              <\/div>\n            <\/div>\n          <\/div>\n        <\/div>\n      <\/div>\n    <\/section>\n    \n    \n    \n    \n    \n  \n","protected":false},"excerpt":{"rendered":"<p>Remplacement de Toiles Acryliques ou Techniques Donnez une seconde jeunesse \u00e0 votre store toile ! Nous pouvons remplacer la toile de votre store et r\u00e9aliser un entretien (r\u00e9glage, graissage et nettoyage) de l&rsquo;armature de votre store afin de prolonger sa dur\u00e9e de vie. Que ce soit avec une toile identique ou un nouveau coloris, notre &hellip; <a href=\"https:\/\/solustores.ch\/index.php\/remplacement-de-toiles\/\" class=\"more-link\">Continue reading<span class=\"screen-reader-text\"> \u00ab\u00a0Remplacement de Toiles\u00a0\u00bb<\/span><\/a><\/p>\n","protected":false},"author":1,"featured_media":0,"parent":0,"menu_order":9,"comment_status":"closed","ping_status":"closed","template":"","meta":{"footnotes":""},"class_list":["post-257","page","type-page","status-publish","hentry"],"_links":{"self":[{"href":"https:\/\/solustores.ch\/index.php\/wp-json\/wp\/v2\/pages\/257","targetHints":{"allow":["GET"]}}],"collection":[{"href":"https:\/\/solustores.ch\/index.php\/wp-json\/wp\/v2\/pages"}],"about":[{"href":"https:\/\/solustores.ch\/index.php\/wp-json\/wp\/v2\/types\/page"}],"author":[{"embeddable":true,"href":"https:\/\/solustores.ch\/index.php\/wp-json\/wp\/v2\/users\/1"}],"replies":[{"embeddable":true,"href":"https:\/\/solustores.ch\/index.php\/wp-json\/wp\/v2\/comments?post=257"}],"version-history":[{"count":1,"href":"https:\/\/solustores.ch\/index.php\/wp-json\/wp\/v2\/pages\/257\/revisions"}],"predecessor-version":[{"id":278,"href":"https:\/\/solustores.ch\/index.php\/wp-json\/wp\/v2\/pages\/257\/revisions\/278"}],"wp:attachment":[{"href":"https:\/\/solustores.ch\/index.php\/wp-json\/wp\/v2\/media?parent=257"}],"curies":[{"name":"wp","href":"https:\/\/api.w.org\/{rel}","templated":true}]}}