{"id":258,"date":"2024-10-14T06:20:09","date_gmt":"2024-10-14T04:20:09","guid":{"rendered":"https:\/\/solustores.ch\/index.php\/a-propos-de-2\/"},"modified":"2024-10-14T06:20:17","modified_gmt":"2024-10-14T04:20:17","slug":"a-propos-de-2","status":"publish","type":"page","link":"https:\/\/solustores.ch\/index.php\/a-propos-de-2\/","title":{"rendered":"\u00c0 propos de"},"content":{"rendered":"\n  \n    <section class=\"u-clearfix u-image u-section-1\" id=\"carousel_34c8\" data-image-width=\"4128\" data-image-height=\"2580\" style=\"background-image: url(&quot;https:\/\/solustores.ch\/wp-content\/uploads\/2024\/10\/20220329_150248.jpg&quot;);\">\n      <div class=\"u-clearfix u-sheet u-sheet-1\">\n        <div class=\"data-layout-selected u-clearfix u-expanded-width u-layout-wrap u-layout-wrap-1\">\n          <div class=\"u-layout\">\n            <div class=\"u-layout-row\">\n              <div class=\"u-align-center u-container-align-center u-container-style u-grey-5 u-layout-cell u-size-30 u-layout-cell-1\">\n                <div class=\"u-container-layout u-valign-middle u-container-layout-1\">\n                  <h4 class=\"u-text u-text-1\">\u00e0 propos de<br>NOUS\n                  <\/h4>\n                <\/div>\n              <\/div>\n              <div class=\"u-align-center u-container-align-center u-container-style u-grey-5 u-layout-cell u-size-30 u-layout-cell-2\">\n                <div class=\"u-container-layout u-valign-middle-lg u-valign-middle-md u-valign-middle-xl u-container-layout-2\">\n                  <p class=\"u-text u-text-grey-50 u-text-2\"> Cr\u00e9\u00e9e\nen Juin 2017, notre soci\u00e9t\u00e9 est active dans le domaine de la protection contre\nles intemp\u00e9ries, c\u2019est-\u00e0-dire les stores et la protection solaire. <br>\n                    <br>Nous\ntravaillons au quotidien afin d\u2019accroitre notre activit\u00e9 avec des clients qui\nnous suivent depuis des ann\u00e9es et de nouveaux clients que nous avons convaincu\njour apr\u00e8s jour. <br>\n                    <br>Nous\ntravaillons pour des clients professionnels (r\u00e9gies, architectes, soci\u00e9t\u00e9s\npriv\u00e9es), pour des clients particuliers ainsi que pour des clients\ninstitutionnels comme l\u2019Etat de Gen\u00e8ve et la Commune de Plan Les Ouates o\u00f9\nnotre si\u00e8ge est implant\u00e9. <br>\n                    <br>En\nJuin 2022 nous avons cr\u00e9\u00e9 notre succursale de Nyon afin de r\u00e9pondre aux\ndemandes croissantes de nos clients dans le Canton de Vaud et de toucher un\nnouveau march\u00e9 orient\u00e9 vers les particuliers.\n                  <\/p>\n                  <div class=\"u-social-icons u-spacing-30 u-social-icons-1\">\n                    <a class=\"u-social-url\" target=\"_blank\" href=\"\"><span class=\"u-icon u-icon-circle u-social-facebook u-social-icon u-icon-1\"><svg class=\"u-svg-link\" preserveAspectRatio=\"xMidYMin slice\" viewBox=\"0 0 112 112\" style=\"\"><use xmlns:xlink=\"http:\/\/www.w3.org\/1999\/xlink\" xlink:href=\"#svg-b57b\"><\/use><\/svg><svg xmlns=\"http:\/\/www.w3.org\/2000\/svg\" xmlns:xlink=\"http:\/\/www.w3.org\/1999\/xlink\" version=\"1.1\" xml:space=\"preserve\" class=\"u-svg-content\" viewBox=\"0 0 112 112\" x=\"0px\" y=\"0px\" id=\"svg-b57b\"><path d=\"M75.5,28.8H65.4c-1.5,0-4,0.9-4,4.3v9.4h13.9l-1.5,15.8H61.4v45.1H42.8V58.3h-8.8V42.4h8.8V32.2 c0-7.4,3.4-18.8,18.8-18.8h13.8v15.4H75.5z\"><\/path><\/svg><\/span>\n                    <\/a>\n                    <a class=\"u-social-url\" target=\"_blank\" href=\"\"><span class=\"u-icon u-icon-circle u-social-icon u-social-instagram u-icon-2\"><svg class=\"u-svg-link\" preserveAspectRatio=\"xMidYMin slice\" viewBox=\"0 0 112 112\" style=\"\"><use xmlns:xlink=\"http:\/\/www.w3.org\/1999\/xlink\" xlink:href=\"#svg-5333\"><\/use><\/svg><svg xmlns=\"http:\/\/www.w3.org\/2000\/svg\" xmlns:xlink=\"http:\/\/www.w3.org\/1999\/xlink\" version=\"1.1\" xml:space=\"preserve\" class=\"u-svg-content\" viewBox=\"0 0 112 112\" x=\"0px\" y=\"0px\" id=\"svg-5333\"><path d=\"M55.9,32.9c-12.8,0-23.2,10.4-23.2,23.2s10.4,23.2,23.2,23.2s23.2-10.4,23.2-23.2S68.7,32.9,55.9,32.9z M55.9,69.4c-7.4,0-13.3-6-13.3-13.3c-0.1-7.4,6-13.3,13.3-13.3s13.3,6,13.3,13.3C69.3,63.5,63.3,69.4,55.9,69.4z\"><\/path><path d=\"M79.7,26.8c-3,0-5.4,2.5-5.4,5.4s2.5,5.4,5.4,5.4c3,0,5.4-2.5,5.4-5.4S82.7,26.8,79.7,26.8z\"><\/path><path d=\"M78.2,11H33.5C21,11,10.8,21.3,10.8,33.7v44.7c0,12.6,10.2,22.8,22.7,22.8h44.7c12.6,0,22.7-10.2,22.7-22.7 V33.7C100.8,21.1,90.6,11,78.2,11z M91,78.4c0,7.1-5.8,12.8-12.8,12.8H33.5c-7.1,0-12.8-5.8-12.8-12.8V33.7 c0-7.1,5.8-12.8,12.8-12.8h44.7c7.1,0,12.8,5.8,12.8,12.8V78.4z\"><\/path><\/svg><\/span>\n                    <\/a>\n                  <\/div>\n                <\/div>\n              <\/div>\n            <\/div>\n          <\/div>\n        <\/div>\n      <\/div>\n    <\/section>\n    <section class=\"u-align-center-lg u-align-center-md u-align-left-sm u-align-left-xs u-clearfix u-section-2\" id=\"carousel_b4d2\">\n      <div class=\"u-clearfix u-sheet u-valign-middle-lg u-valign-middle-xs u-sheet-1\">\n        <h2 class=\"u-align-center u-custom-font u-font-oswald u-text u-text-grey-10 u-text-1\">Solustores s\u00e0rl<\/h2>\n        <div class=\"u-expanded-width-lg u-expanded-width-md u-expanded-width-xs u-list u-list-1\">\n          <div class=\"u-repeater u-repeater-1\">\n            <div class=\"u-align-center-xl u-align-left-lg u-align-left-md u-align-left-sm u-align-left-xs u-container-style u-list-item u-repeater-item\">\n              <div class=\"u-container-layout u-similar-container u-container-layout-1\">\n                <h3 class=\"u-custom-font u-font-oswald u-text u-text-2\" data-animation-name=\"counter\" data-animation-event=\"scroll\" data-animation-duration=\"3000\">2017<\/h3>\n                <h6 class=\"u-custom-font u-font-oswald u-text u-text-default u-text-3\">Cr\u00e9ation de la soci\u00e9t\u00e9<br>implant\u00e9e au lignon (GE)\n                <\/h6>\n              <\/div>\n            <\/div>\n            <div class=\"u-align-center-xl u-align-left-lg u-align-left-md u-align-left-sm u-align-left-xs u-container-style u-list-item u-repeater-item\">\n              <div class=\"u-container-layout u-similar-container u-container-layout-2\">\n                <h3 class=\"u-custom-font u-font-oswald u-text u-text-default u-text-4\" data-animation-name=\"counter\" data-animation-event=\"scroll\" data-animation-duration=\"3000\">2021<\/h3>\n                <h6 class=\"u-custom-font u-font-oswald u-text u-text-default u-text-5\">Emmenagement dans les nouveaux locaux \u00e0<br>plan les ouates (GE)\n                <\/h6>\n              <\/div>\n            <\/div>\n            <div class=\"u-align-center-xl u-align-left-lg u-align-left-md u-align-left-sm u-align-left-xs u-container-style u-list-item u-repeater-item\">\n              <div class=\"u-container-layout u-similar-container u-container-layout-3\">\n                <h3 class=\"u-custom-font u-font-oswald u-text u-text-default u-text-6\" data-animation-name=\"counter\" data-animation-event=\"scroll\" data-animation-duration=\"3000\">2022<br>\n                <\/h3>\n                <h6 class=\"u-custom-font u-font-oswald u-text u-text-default u-text-7\">cr\u00e9ation de la succursale de nyon (vd)<\/h6>\n              <\/div>\n            <\/div>\n          <\/div>\n        <\/div>\n      <\/div>\n    <\/section>\n    <section class=\"u-align-center u-clearfix u-container-align-center u-white u-section-3\" id=\"carousel_7c1a\">\n      <div class=\"u-align-left u-clearfix u-sheet u-valign-middle u-sheet-1\">\n        <div class=\"u-expanded-width u-list u-list-1\">\n          <div class=\"u-repeater u-repeater-1\">\n            <div class=\"u-container-style u-list-item u-repeater-item u-list-item-1\" data-animation-name=\"customAnimationIn\" data-animation-duration=\"1500\">\n              <div class=\"u-container-layout u-similar-container u-valign-top u-container-layout-1\"><span class=\"u-align-center u-border-2 u-border-custom-color-1 u-file-icon u-icon u-icon-circle u-text-custom-color-1 u-icon-1\"><img decoding=\"async\" src=\"https:\/\/solustores.ch\/wp-content\/uploads\/2024\/10\/e7579d02.png\" alt=\"\"><\/span>\n                <h3 class=\"u-align-center u-text u-text-default u-text-1\">Conseil<\/h3>\n                <p class=\"u-align-center u-text u-text-2\">Nous \u00e9tudions avec vous vos projets et d\u00e9finissons le meilleur produit en fonction de vos besoins et de votre budget.<br>\n                <\/p>\n              <\/div>\n            <\/div>\n            <div class=\"u-container-align-center u-container-style u-list-item u-repeater-item u-list-item-2\" data-animation-name=\"customAnimationIn\" data-animation-duration=\"1000\">\n              <div class=\"u-container-layout u-similar-container u-valign-top u-container-layout-2\"><span class=\"u-align-center u-border-2 u-border-custom-color-1 u-file-icon u-icon u-icon-circle u-text-custom-color-1 u-icon-2\"><img decoding=\"async\" src=\"https:\/\/solustores.ch\/wp-content\/uploads\/2024\/10\/f92ec9cd.png\" alt=\"\"><\/span>\n                <h3 class=\"u-align-center u-text u-text-default u-text-3\"> Pose<\/h3>\n                <p class=\"u-align-center u-text u-text-4\">Nous avons mis au point des proc\u00e9dures de pose que nos \u00e9quipes s'appliquent \u00e0 respecter afin de garantir une pose soign\u00e9e des produits que nous vendons.<\/p>\n              <\/div>\n            <\/div>\n            <div class=\"u-container-style u-list-item u-repeater-item u-list-item-3\" data-animation-name=\"customAnimationIn\" data-animation-duration=\"1500\">\n              <div class=\"u-container-layout u-similar-container u-valign-top u-container-layout-3\"><span class=\"u-align-center u-border-2 u-border-custom-color-1 u-file-icon u-icon u-icon-circle u-text-custom-color-1 u-icon-3\"><img decoding=\"async\" src=\"https:\/\/solustores.ch\/wp-content\/uploads\/2024\/10\/3bd26398.png\" alt=\"\"><\/span>\n                <h3 class=\"u-align-center u-text u-text-default u-text-5\"> Garantie<\/h3>\n                <p class=\"u-align-center u-text u-text-6\">Nos produits b\u00e9n\u00e9ficient de garanties allant de 2 \u00e0 10 ans selon les gammes et les types.<\/p>\n              <\/div>\n            <\/div>\n            <div class=\"u-container-style u-list-item u-repeater-item u-list-item-4\" data-animation-name=\"customAnimationIn\" data-animation-duration=\"1500\" data-animation-delay=\"500\">\n              <div class=\"u-container-layout u-similar-container u-valign-top u-container-layout-4\"><span class=\"u-align-center u-border-2 u-border-custom-color-1 u-file-icon u-icon u-icon-circle u-text-custom-color-1 u-icon-4\"><img decoding=\"async\" src=\"https:\/\/solustores.ch\/wp-content\/uploads\/2024\/10\/d0edfef7.png\" alt=\"\"><\/span>\n                <h3 class=\"u-align-center u-text u-text-default u-text-7\"> R\u00e9activit\u00e9<\/h3>\n                <p class=\"u-align-center u-text u-text-8\">Notre structure \u00e0 taille humaine nous permet d'offrir une bonne r\u00e9activit\u00e9 en fonction des besoins de nos clients.<br>\n                  <br>\n                <\/p>\n              <\/div>\n            <\/div>\n            <div class=\"u-container-align-center u-container-style u-list-item u-repeater-item u-list-item-5\" data-animation-name=\"customAnimationIn\" data-animation-duration=\"1000\" data-animation-delay=\"500\">\n              <div class=\"u-container-layout u-similar-container u-valign-top u-container-layout-5\"><span class=\"u-align-center u-border-2 u-border-custom-color-1 u-file-icon u-icon u-icon-circle u-text-custom-color-1 u-icon-5\"><img decoding=\"async\" src=\"https:\/\/solustores.ch\/wp-content\/uploads\/2024\/10\/d0edfef7.png\" alt=\"\"><\/span>\n                <h3 class=\"u-align-center u-text u-text-default u-text-9\"> D\u00e9pannage et SAV<\/h3>\n                <p class=\"u-align-center u-text u-text-10\">Nous r\u00e9parons tous types de stores et autres protections contre les intemp\u00e9ries quelle que soit la marque ou la soci\u00e9t\u00e9 les ayant install\u00e9s \u00e0 l'origine.<br>Nous assurons le SAV sur nos produits pendant 2 ans apr\u00e8s leur installation.\n                <\/p>\n              <\/div>\n            <\/div>\n            <div class=\"u-container-style u-list-item u-repeater-item u-list-item-6\" data-animation-name=\"customAnimationIn\" data-animation-duration=\"1500\" data-animation-delay=\"500\">\n              <div class=\"u-container-layout u-similar-container u-valign-top u-container-layout-6\"><span class=\"u-align-center u-border-2 u-border-custom-color-1 u-file-icon u-icon u-icon-circle u-text-custom-color-1 u-icon-6\"><img decoding=\"async\" src=\"https:\/\/solustores.ch\/wp-content\/uploads\/2024\/10\/fd3f8cb9.png\" alt=\"\"><\/span>\n                <h3 class=\"u-align-center u-text u-text-default u-text-11\"> Multimarques<\/h3>\n                <p class=\"u-align-center u-text u-text-12\">Nous travaillons avec la majeure partie des fabricants Suisses et Europ\u00e9en afin de pouvoir s\u00e9lectionner et proposer les meilleures produits dans chaque gamme.<\/p>\n              <\/div>\n            <\/div>\n          <\/div>\n        <\/div>\n      <\/div>\n    <\/section>\n    \n    \n    \n    \n    \n  \n","protected":false},"excerpt":{"rendered":"<p>\u00e0 propos deNOUS Cr\u00e9\u00e9e en Juin 2017, notre soci\u00e9t\u00e9 est active dans le domaine de la protection contre les intemp\u00e9ries, c\u2019est-\u00e0-dire les stores et la protection solaire. Nous travaillons au quotidien afin d\u2019accroitre notre activit\u00e9 avec des clients qui nous suivent depuis des ann\u00e9es et de nouveaux clients que nous avons convaincu jour apr\u00e8s jour. &hellip; <a href=\"https:\/\/solustores.ch\/index.php\/a-propos-de-2\/\" class=\"more-link\">Continue reading<span class=\"screen-reader-text\"> \u00ab\u00a0\u00c0 propos de\u00a0\u00bb<\/span><\/a><\/p>\n","protected":false},"author":1,"featured_media":0,"parent":0,"menu_order":10,"comment_status":"closed","ping_status":"closed","template":"","meta":{"footnotes":""},"class_list":["post-258","page","type-page","status-publish","hentry"],"_links":{"self":[{"href":"https:\/\/solustores.ch\/index.php\/wp-json\/wp\/v2\/pages\/258","targetHints":{"allow":["GET"]}}],"collection":[{"href":"https:\/\/solustores.ch\/index.php\/wp-json\/wp\/v2\/pages"}],"about":[{"href":"https:\/\/solustores.ch\/index.php\/wp-json\/wp\/v2\/types\/page"}],"author":[{"embeddable":true,"href":"https:\/\/solustores.ch\/index.php\/wp-json\/wp\/v2\/users\/1"}],"replies":[{"embeddable":true,"href":"https:\/\/solustores.ch\/index.php\/wp-json\/wp\/v2\/comments?post=258"}],"version-history":[{"count":1,"href":"https:\/\/solustores.ch\/index.php\/wp-json\/wp\/v2\/pages\/258\/revisions"}],"predecessor-version":[{"id":279,"href":"https:\/\/solustores.ch\/index.php\/wp-json\/wp\/v2\/pages\/258\/revisions\/279"}],"wp:attachment":[{"href":"https:\/\/solustores.ch\/index.php\/wp-json\/wp\/v2\/media?parent=258"}],"curies":[{"name":"wp","href":"https:\/\/api.w.org\/{rel}","templated":true}]}}