{"id":259,"date":"2024-10-14T06:20:10","date_gmt":"2024-10-14T04:20:10","guid":{"rendered":"https:\/\/solustores.ch\/index.php\/stores-venitiens\/"},"modified":"2024-10-14T06:20:17","modified_gmt":"2024-10-14T04:20:17","slug":"stores-venitiens","status":"publish","type":"page","link":"https:\/\/solustores.ch\/index.php\/stores-venitiens\/","title":{"rendered":"Stores V\u00e9nitiens"},"content":{"rendered":"\n  \n    <section class=\"u-clearfix u-white u-section-1\" id=\"sec-f32e\">\n      <div class=\"u-clearfix u-sheet u-valign-middle u-sheet-1\">\n        <div class=\"data-layout-selected u-clearfix u-expanded-width u-gutter-18 u-layout-wrap u-layout-wrap-1\">\n          <div class=\"u-gutter-0 u-layout\">\n            <div class=\"u-layout-row\">\n              <div class=\"u-size-30 u-size-60-md\">\n                <div class=\"u-layout-row\">\n                  <div class=\"u-align-left u-container-align-left u-container-style u-image u-layout-cell u-left-cell u-size-60 u-image-1\" src=\"\" data-image-width=\"756\" data-image-height=\"840\" style=\"background-image: url(&quot;https:\/\/solustores.ch\/wp-content\/uploads\/2024\/10\/Capturedcran2024-04-09164215.png&quot;);\">\n                    <div class=\"u-container-layout u-container-layout-1\" src=\"\"><\/div>\n                  <\/div>\n                <\/div>\n              <\/div>\n              <div class=\"u-size-30 u-size-60-md\">\n                <div class=\"u-layout-col\">\n                  <div class=\"u-align-left u-container-align-left u-container-style u-image u-layout-cell u-right-cell u-size-40 u-image-2\" data-image-width=\"1288\" data-image-height=\"720\" style=\"background-image: url(&quot;https:\/\/solustores.ch\/wp-content\/uploads\/2024\/10\/Capturedcran2024-04-09164650.png&quot;);\">\n                    <div class=\"u-container-layout u-valign-middle u-container-layout-2\" src=\"\"><\/div>\n                  <\/div>\n                  <div class=\"u-align-left u-container-align-left u-container-style u-layout-cell u-right-cell u-size-20 u-white u-layout-cell-3\" src=\"\">\n                    <div class=\"u-container-layout u-container-layout-3\">\n                      <h2 class=\"u-text u-text-default u-text-1\">Stores V\u00e9nitiens<br>Aluminium\n                      <\/h2>\n                      <p class=\"u-text u-text-2\">Les stores v\u00e9nitiens en aluminium se distinguent par leur polyvalence. L'orientation flexible des lames permet de moduler facilement la lumi\u00e8re et conserver l'intimit\u00e9 de l'int\u00e9rieur de vos pi\u00e8ces. Les lames en aluminium offrent une grande durabilit\u00e9 et un entretien facilit\u00e9.<br>\n                        <br>Diff\u00e9rentes largeurs de lames sont disponibles : 16 - 25 ou 50 mm avec une grande vari\u00e9t\u00e9 de coloris disponibles.\n                      <\/p>\n                      <img decoding=\"async\" class=\"u-image u-image-contain u-image-default u-preserve-proportions u-image-3\" src=\"https:\/\/solustores.ch\/wp-content\/uploads\/2024\/10\/MHZ.jpg\" alt=\"\" data-image-width=\"1181\" data-image-height=\"1181\">\n                      <img decoding=\"async\" class=\"u-image u-image-contain u-image-default u-preserve-proportions u-image-4\" src=\"https:\/\/solustores.ch\/wp-content\/uploads\/2024\/10\/Logo-Kadeco.jpg\" alt=\"\" data-image-width=\"1181\" data-image-height=\"1181\">\n                    <\/div>\n                  <\/div>\n                <\/div>\n              <\/div>\n            <\/div>\n          <\/div>\n        <\/div>\n      <\/div>\n    <\/section>\n    <section class=\"u-clearfix u-white u-section-2\" id=\"carousel_b3ec\">\n      <div class=\"u-clearfix u-sheet u-sheet-1\">\n        <div class=\"data-layout-selected u-clearfix u-expanded-width u-gutter-18 u-layout-wrap u-layout-wrap-1\">\n          <div class=\"u-gutter-0 u-layout\">\n            <div class=\"u-layout-row\">\n              <div class=\"u-size-30 u-size-60-md\">\n                <div class=\"u-layout-col\">\n                  <div class=\"u-align-left u-container-align-left u-container-style u-image u-layout-cell u-right-cell u-size-40 u-image-1\" data-image-width=\"1283\" data-image-height=\"706\" style=\"background-image: url(&quot;https:\/\/solustores.ch\/wp-content\/uploads\/2024\/10\/Capturedcran2024-04-09164446.png&quot;);\">\n                    <div class=\"u-container-layout u-valign-middle u-container-layout-1\" src=\"\"><\/div>\n                  <\/div>\n                  <div class=\"u-align-left u-container-align-left u-container-style u-layout-cell u-right-cell u-size-20 u-white u-layout-cell-2\" src=\"\">\n                    <div class=\"u-container-layout u-container-layout-2\">\n                      <h2 class=\"u-text u-text-default u-text-1\">Stores V\u00e9nitiens<br>Bois\n                      <\/h2>\n                      <p class=\"u-text u-text-2\">Les stores v\u00e9nitiens en bois reprennent tous les avantages du store v\u00e9nitien aluminium en apportant une noblesse suppl\u00e9mentaire des mat\u00e9riaux avec des lames d\u00e9clin\u00e9es dans diff\u00e9rentes essences de bois et diff\u00e9rentes teintes de lasures.<br>\n                        <br>Le store v\u00e9nitien bois offre un aspect chaleureux et d\u00e9coratif qui saura vous s\u00e9duire.\n                      <\/p>\n                      <img decoding=\"async\" class=\"u-image u-image-contain u-image-default u-preserve-proportions u-image-2\" src=\"https:\/\/solustores.ch\/wp-content\/uploads\/2024\/10\/MHZ.jpg\" alt=\"\" data-image-width=\"1181\" data-image-height=\"1181\">\n                      <img decoding=\"async\" class=\"u-image u-image-contain u-image-default u-preserve-proportions u-image-3\" src=\"https:\/\/solustores.ch\/wp-content\/uploads\/2024\/10\/Logo-Kadeco.jpg\" alt=\"\" data-image-width=\"1181\" data-image-height=\"1181\">\n                    <\/div>\n                  <\/div>\n                <\/div>\n              <\/div>\n              <div class=\"u-size-30 u-size-60-md\">\n                <div class=\"u-layout-row\">\n                  <div class=\"u-align-left u-container-align-left u-container-style u-image u-layout-cell u-left-cell u-size-60 u-image-4\" src=\"\" data-image-width=\"1251\" data-image-height=\"702\" style=\"background-image: url(&quot;https:\/\/solustores.ch\/wp-content\/uploads\/2024\/10\/Capturedcran2024-04-09164739.png&quot;);\">\n                    <div class=\"u-container-layout u-valign-middle u-container-layout-3\" src=\"\"><\/div>\n                  <\/div>\n                <\/div>\n              <\/div>\n            <\/div>\n          <\/div>\n        <\/div>\n      <\/div>\n    <\/section>\n    \n    \n    \n    \n    \n  \n","protected":false},"excerpt":{"rendered":"<p>Stores V\u00e9nitiensAluminium Les stores v\u00e9nitiens en aluminium se distinguent par leur polyvalence. L&rsquo;orientation flexible des lames permet de moduler facilement la lumi\u00e8re et conserver l&rsquo;intimit\u00e9 de l&rsquo;int\u00e9rieur de vos pi\u00e8ces. Les lames en aluminium offrent une grande durabilit\u00e9 et un entretien facilit\u00e9. Diff\u00e9rentes largeurs de lames sont disponibles : 16 &#8211; 25 ou 50 mm &hellip; <a href=\"https:\/\/solustores.ch\/index.php\/stores-venitiens\/\" class=\"more-link\">Continue reading<span class=\"screen-reader-text\"> \u00ab\u00a0Stores V\u00e9nitiens\u00a0\u00bb<\/span><\/a><\/p>\n","protected":false},"author":1,"featured_media":0,"parent":0,"menu_order":11,"comment_status":"closed","ping_status":"closed","template":"","meta":{"footnotes":""},"class_list":["post-259","page","type-page","status-publish","hentry"],"_links":{"self":[{"href":"https:\/\/solustores.ch\/index.php\/wp-json\/wp\/v2\/pages\/259","targetHints":{"allow":["GET"]}}],"collection":[{"href":"https:\/\/solustores.ch\/index.php\/wp-json\/wp\/v2\/pages"}],"about":[{"href":"https:\/\/solustores.ch\/index.php\/wp-json\/wp\/v2\/types\/page"}],"author":[{"embeddable":true,"href":"https:\/\/solustores.ch\/index.php\/wp-json\/wp\/v2\/users\/1"}],"replies":[{"embeddable":true,"href":"https:\/\/solustores.ch\/index.php\/wp-json\/wp\/v2\/comments?post=259"}],"version-history":[{"count":1,"href":"https:\/\/solustores.ch\/index.php\/wp-json\/wp\/v2\/pages\/259\/revisions"}],"predecessor-version":[{"id":280,"href":"https:\/\/solustores.ch\/index.php\/wp-json\/wp\/v2\/pages\/259\/revisions\/280"}],"wp:attachment":[{"href":"https:\/\/solustores.ch\/index.php\/wp-json\/wp\/v2\/media?parent=259"}],"curies":[{"name":"wp","href":"https:\/\/api.w.org\/{rel}","templated":true}]}}