{"id":260,"date":"2024-10-14T06:20:11","date_gmt":"2024-10-14T04:20:11","guid":{"rendered":"https:\/\/solustores.ch\/index.php\/contact-2\/"},"modified":"2024-10-14T06:20:17","modified_gmt":"2024-10-14T04:20:17","slug":"contact-2","status":"publish","type":"page","link":"https:\/\/solustores.ch\/index.php\/contact-2\/","title":{"rendered":"Contact"},"content":{"rendered":"\n  \n    <section class=\"u-clearfix u-custom-color-1 u-valign-middle-md u-section-1\" id=\"sec-9bb2\">\n      <img decoding=\"async\" class=\"u-expanded-width u-image u-image-1\" src=\"https:\/\/solustores.ch\/wp-content\/uploads\/2024\/10\/STOBAG_BX4700_024.jpg\" data-image-width=\"3543\" data-image-height=\"2362\">\n      <div class=\"u-list u-list-1\">\n        <div class=\"u-repeater u-repeater-1\">\n          <div class=\"u-align-center u-container-align-center u-container-style u-list-item u-repeater-item u-white u-list-item-1\">\n            <div class=\"u-container-layout u-similar-container u-container-layout-1\"><span class=\"u-icon u-text-custom-color-1 u-icon-1\"><svg class=\"u-svg-link\" preserveAspectRatio=\"xMidYMin slice\" viewBox=\"0 0 52 52\" style=\"\"><use xmlns:xlink=\"http:\/\/www.w3.org\/1999\/xlink\" xlink:href=\"#svg-077e\"><\/use><\/svg><svg class=\"u-svg-content\" viewBox=\"0 0 52 52\" x=\"0px\" y=\"0px\" id=\"svg-077e\" style=\"enable-background:new 0 0 52 52;\"><path style=\"fill:currentColor;\" d=\"M38.853,5.324L38.853,5.324c-7.098-7.098-18.607-7.098-25.706,0h0\n\tC6.751,11.72,6.031,23.763,11.459,31L26,52l14.541-21C45.969,23.763,45.249,11.72,38.853,5.324z M26.177,24c-3.314,0-6-2.686-6-6\n\ts2.686-6,6-6s6,2.686,6,6S29.491,24,26.177,24z\"><\/path><\/svg><\/span>\n              <h5 class=\"u-text u-text-1\">Solustores Gen\u00e8ve<\/h5>\n              <p class=\"u-text u-text-2\">Ch. du Champ des Filles 19<br>1228 Plan Les Ouates\n              <\/p>\n            <\/div>\n          <\/div>\n          <div class=\"u-align-center u-container-align-center u-container-style u-list-item u-repeater-item u-white u-list-item-2\">\n            <div class=\"u-container-layout u-similar-container u-container-layout-2\"><span class=\"u-icon u-text-custom-color-1 u-icon-2\"><svg class=\"u-svg-link\" preserveAspectRatio=\"xMidYMin slice\" viewBox=\"0 0 52 52\" style=\"\"><use xmlns:xlink=\"http:\/\/www.w3.org\/1999\/xlink\" xlink:href=\"#svg-bb2a\"><\/use><\/svg><svg class=\"u-svg-content\" viewBox=\"0 0 52 52\" x=\"0px\" y=\"0px\" id=\"svg-bb2a\" style=\"enable-background:new 0 0 52 52;\"><path style=\"fill:currentColor;\" d=\"M38.853,5.324L38.853,5.324c-7.098-7.098-18.607-7.098-25.706,0h0\n\tC6.751,11.72,6.031,23.763,11.459,31L26,52l14.541-21C45.969,23.763,45.249,11.72,38.853,5.324z M26.177,24c-3.314,0-6-2.686-6-6\n\ts2.686-6,6-6s6,2.686,6,6S29.491,24,26.177,24z\"><\/path><\/svg><\/span>\n              <h5 class=\"u-text u-text-3\">solustores vaud <\/h5>\n              <p class=\"u-text u-text-4\">Rte de Champ Colin 12<br>1260 Nyon\n              <\/p>\n            <\/div>\n          <\/div>\n          <div class=\"u-align-center u-container-align-center u-container-style u-list-item u-repeater-item u-white u-list-item-3\">\n            <div class=\"u-container-layout u-similar-container u-container-layout-3\"><span class=\"u-file-icon u-icon u-text-custom-color-1 u-icon-3\"><img decoding=\"async\" src=\"https:\/\/solustores.ch\/wp-content\/uploads\/2024\/10\/0db9c404.png\" alt=\"\"><\/span>\n              <h5 class=\"u-text u-text-5\">t\u00c9l\u00c9phone<\/h5>\n              <p class=\"u-text u-text-6\">\n                <a class=\"u-active-none u-border-none u-btn u-button-link u-button-style u-hover-none u-none u-text-palette-1-base u-btn-1\" data-href=\"#\" href=\"tel:+41227964765\">GE : 022 796 47 65<br>VD : 021 888 75 04<br>\n                <\/a>\n              <\/p>\n            <\/div>\n          <\/div>\n          <div class=\"u-align-center u-container-align-center u-container-style u-list-item u-repeater-item u-white u-list-item-4\">\n            <div class=\"u-container-layout u-similar-container u-container-layout-4\"><span class=\"u-icon u-text-custom-color-1 u-icon-4\"><svg class=\"u-svg-link\" preserveAspectRatio=\"xMidYMin slice\" viewBox=\"0 0 512 512\" style=\"\"><use xmlns:xlink=\"http:\/\/www.w3.org\/1999\/xlink\" xlink:href=\"#svg-9f82\"><\/use><\/svg><svg class=\"u-svg-content\" viewBox=\"0 0 512 512\" x=\"0px\" y=\"0px\" id=\"svg-9f82\" style=\"enable-background:new 0 0 512 512;\"><g><g><path d=\"M507.49,101.721L352.211,256L507.49,410.279c2.807-5.867,4.51-12.353,4.51-19.279V121    C512,114.073,510.297,107.588,507.49,101.721z\"><\/path>\n<\/g>\n<\/g><g><g><path d=\"M467,76H45c-6.927,0-13.412,1.703-19.279,4.51l198.463,197.463c17.548,17.548,46.084,17.548,63.632,0L486.279,80.51    C480.412,77.703,473.927,76,467,76z\"><\/path>\n<\/g>\n<\/g><g><g><path d=\"M4.51,101.721C1.703,107.588,0,114.073,0,121v270c0,6.927,1.703,13.413,4.51,19.279L159.789,256L4.51,101.721z\"><\/path>\n<\/g>\n<\/g><g><g><path d=\"M331,277.211l-21.973,21.973c-29.239,29.239-76.816,29.239-106.055,0L181,277.211L25.721,431.49    C31.588,434.297,38.073,436,45,436h422c6.927,0,13.412-1.703,19.279-4.51L331,277.211z\"><\/path>\n<\/g>\n<\/g><\/svg><\/span>\n              <h5 class=\"u-text u-text-7\">Email<\/h5>\n              <p class=\"u-text u-text-8\">\n                <a href=\"mailto:info@solustores.ch\" class=\"u-active-none u-border-1 u-border-active-black u-border-grey-60 u-border-hover-custom-color-1 u-border-no-left u-border-no-right u-border-no-top u-btn u-button-link u-button-style u-hover-none u-none u-text-active-black u-text-hover-black u-text-palette-4-dark-1 u-btn-2\">info@solustores.ch<\/a>\n              <\/p>\n            <\/div>\n          <\/div>\n        <\/div>\n      <\/div>\n      <div class=\"data-layout-selected u-clearfix u-layout-wrap u-layout-wrap-1\">\n        <div class=\"u-layout\">\n          <div class=\"u-layout-row\">\n            <div class=\"u-align-left u-container-align-left u-container-style u-grey-60 u-layout-cell u-left-cell u-size-30 u-layout-cell-1\">\n              <div class=\"u-container-layout u-container-layout-5\">\n                <h3 class=\"u-text u-text-body-alt-color u-text-default u-text-9\">Contactez Nous !<\/h3>\n                <div class=\"u-expanded-width-sm u-expanded-width-xs u-form u-form-1\">\n                  <form action=\"https:\/\/forms.nicepagesrv.com\/v2\/form\/process\" class=\"u-clearfix u-form-spacing-30 u-form-vertical u-inner-form\" style=\"padding: 0px;\" source=\"email\" name=\"form\">\n                    <div class=\"u-form-email u-form-group u-form-partition-factor-2\">\n                      <label for=\"email-319a\" class=\"u-label u-label-1\">Email<\/label>\n                      <input type=\"email\" placeholder=\"Saisissez votre adresse email\" id=\"email-319a\" name=\"email\" class=\"u-border-2 u-border-black u-border-no-left u-border-no-right u-border-no-top u-input u-input-rectangle u-text-body-color\" required=\"\">\n                    <\/div>\n                    <div class=\"u-form-group u-form-name u-form-partition-factor-2\">\n                      <label for=\"name-319a\" class=\"u-label u-label-2\">Nom<\/label>\n                      <input type=\"text\" placeholder=\"Saisissez notre nom\" id=\"name-319a\" name=\"name\" class=\"u-border-2 u-border-black u-border-no-left u-border-no-right u-border-no-top u-input u-input-rectangle u-text-body-color\" required=\"\">\n                    <\/div>\n                    <div class=\"u-form-group u-form-phone u-form-group-3\">\n                      <label for=\"phone-ed41\" class=\"u-label u-label-3\">T\u00e9l\u00e9phone<\/label>\n                      <input type=\"tel\" pattern=\"+?d{0,3}[s(-]?([0-9]{2,3})[s)-]?([s-]?)([0-9]{3})[s-]?([0-9]{2})[s-]?([0-9]{2})\" placeholder=\"Saisir votre t\u00e9l\u00e9phone (par ex +41700000000)\" id=\"phone-ed41\" name=\"phone\" class=\"u-border-2 u-border-black u-border-no-left u-border-no-right u-border-no-top u-input u-input-rectangle u-text-body-color\" required=\"\">\n                    <\/div>\n                    <div class=\"u-form-group u-form-message\">\n                      <label for=\"message-319a\" class=\"u-label u-label-4\">Message<\/label>\n                      <textarea placeholder=\"Tapez votre message\" rows=\"4\" cols=\"50\" id=\"message-319a\" name=\"message\" class=\"u-border-2 u-border-black u-border-no-left u-border-no-right u-border-no-top u-input u-input-rectangle u-text-body-color\" required=\"\"><\/textarea>\n                    <\/div>\n                    <div class=\"u-align-left u-form-group u-form-submit\">\n                      <a href=\"#\" class=\"u-btn u-btn-submit u-button-style u-white u-btn-3\">Envoyer<\/a>\n                      <input type=\"submit\" value=\"submit\" class=\"u-form-control-hidden\" wfd-invisible=\"true\">\n                    <\/div>\n                    <div class=\"u-form-send-message u-form-send-success\" wfd-invisible=\"true\">Merci, votre message a bien \u00e9t\u00e9 envoy\u00e9 !<\/div>\n                    <div class=\"u-form-send-error u-form-send-message\" wfd-invisible=\"true\">Impossible d'envoyer votre message. Merci de r\u00e9essayer dans quelques instants !<\/div>\n                    <input type=\"hidden\" value=\"\" name=\"recaptchaResponse\" wfd-invisible=\"true\">\n                    <input type=\"hidden\" name=\"formServices\" value=\"4d7a489f-5039-0f04-571d-b5206030b0bf\">\n                  <\/form>\n                <\/div>\n              <\/div>\n            <\/div>\n            <div class=\"u-black u-container-style u-layout-cell u-right-cell u-size-30 u-layout-cell-2\">\n              <div class=\"u-container-layout u-container-layout-6\">\n                <div class=\"u-expanded u-grey-light-2 u-map\">\n                  <div class=\"embed-responsive\">\n                    <iframe class=\"embed-responsive-item\" src=\"https:\/\/maps.google.com\/maps?output=embed&amp;q=Chemin%20du%20Champ-des-Filles%2019%20-%201228%20Plan-Les-Ouates&amp;z=15&amp;t=m\" data-map=\"JTdCJTIycG9zaXRpb25UeXBlJTIyJTNBJTIybWFwLWFkZHJlc3MlMjIlMkMlMjJhZGRyZXNzJTIyJTNBJTIyQ2hlbWluJTIwZHUlMjBDaGFtcC1kZXMtRmlsbGVzJTIwMTklMjAtJTIwMTIyOCUyMFBsYW4tTGVzLU91YXRlcyUyMiUyQyUyMnpvb20lMjIlM0ExNSUyQyUyMnR5cGVJZCUyMiUzQSUyMnJvYWQlMjIlMkMlMjJsYW5nJTIyJTNBJTIyJTIyJTJDJTIyYXBpS2V5JTIyJTNBbnVsbCUyQyUyMm1hcmtlcnMlMjIlM0ElNUIlNUQlN0Q=\"><\/iframe>\n                  <\/div>\n                <\/div>\n              <\/div>\n            <\/div>\n          <\/div>\n        <\/div>\n      <\/div>\n    <\/section>\n    \n    \n    \n    \n    \n  \n","protected":false},"excerpt":{"rendered":"<p>Solustores Gen\u00e8ve Ch. du Champ des Filles 191228 Plan Les Ouates solustores vaud Rte de Champ Colin 121260 Nyon t\u00c9l\u00c9phone GE : 022 796 47 65VD : 021 888 75 04 Email info@solustores.ch Contactez Nous ! Email Nom T\u00e9l\u00e9phone Message Envoyer Merci, votre message a bien \u00e9t\u00e9 envoy\u00e9 ! Impossible d&rsquo;envoyer votre message. Merci de &hellip; <a href=\"https:\/\/solustores.ch\/index.php\/contact-2\/\" class=\"more-link\">Continue reading<span class=\"screen-reader-text\"> \u00ab\u00a0Contact\u00a0\u00bb<\/span><\/a><\/p>\n","protected":false},"author":1,"featured_media":0,"parent":0,"menu_order":12,"comment_status":"closed","ping_status":"closed","template":"","meta":{"footnotes":""},"class_list":["post-260","page","type-page","status-publish","hentry"],"_links":{"self":[{"href":"https:\/\/solustores.ch\/index.php\/wp-json\/wp\/v2\/pages\/260","targetHints":{"allow":["GET"]}}],"collection":[{"href":"https:\/\/solustores.ch\/index.php\/wp-json\/wp\/v2\/pages"}],"about":[{"href":"https:\/\/solustores.ch\/index.php\/wp-json\/wp\/v2\/types\/page"}],"author":[{"embeddable":true,"href":"https:\/\/solustores.ch\/index.php\/wp-json\/wp\/v2\/users\/1"}],"replies":[{"embeddable":true,"href":"https:\/\/solustores.ch\/index.php\/wp-json\/wp\/v2\/comments?post=260"}],"version-history":[{"count":1,"href":"https:\/\/solustores.ch\/index.php\/wp-json\/wp\/v2\/pages\/260\/revisions"}],"predecessor-version":[{"id":281,"href":"https:\/\/solustores.ch\/index.php\/wp-json\/wp\/v2\/pages\/260\/revisions\/281"}],"wp:attachment":[{"href":"https:\/\/solustores.ch\/index.php\/wp-json\/wp\/v2\/media?parent=260"}],"curies":[{"name":"wp","href":"https:\/\/api.w.org\/{rel}","templated":true}]}}