{"id":261,"date":"2024-10-14T06:20:12","date_gmt":"2024-10-14T04:20:12","guid":{"rendered":"https:\/\/solustores.ch\/index.php\/vitrerie\/"},"modified":"2024-10-14T06:20:17","modified_gmt":"2024-10-14T04:20:17","slug":"vitrerie","status":"publish","type":"page","link":"https:\/\/solustores.ch\/index.php\/vitrerie\/","title":{"rendered":"Vitrerie"},"content":{"rendered":"\n  \n    <section class=\"u-clearfix u-white u-section-1\" id=\"carousel_d542\">\n      <div class=\"u-clearfix u-sheet u-valign-middle u-sheet-1\">\n        <div class=\"data-layout-selected u-clearfix u-expanded-width u-gutter-18 u-layout-wrap u-layout-wrap-1\">\n          <div class=\"u-gutter-0 u-layout\">\n            <div class=\"u-layout-row\">\n              <div class=\"u-size-30 u-size-60-md\">\n                <div class=\"u-layout-row\">\n                  <div class=\"u-align-left u-container-align-left u-container-style u-image u-layout-cell u-left-cell u-size-60 u-image-1\" src=\"\" data-image-width=\"593\" data-image-height=\"421\" style=\"background-image: url(&quot;https:\/\/solustores.ch\/wp-content\/uploads\/2024\/10\/Capturedcran2024-04-05134658.png&quot;);\">\n                    <div class=\"u-container-layout u-container-layout-1\" src=\"\"><\/div>\n                  <\/div>\n                <\/div>\n              <\/div>\n              <div class=\"u-size-30 u-size-60-md\">\n                <div class=\"u-layout-col\">\n                  <div class=\"u-align-left u-container-align-left u-container-style u-image u-layout-cell u-right-cell u-size-40 u-image-2\" data-image-width=\"600\" data-image-height=\"352\" style=\"background-image: url(&quot;https:\/\/solustores.ch\/wp-content\/uploads\/2024\/10\/vitrages-solustores.jpg&quot;);\">\n                    <div class=\"u-container-layout u-valign-middle u-container-layout-2\" src=\"\"><\/div>\n                  <\/div>\n                  <div class=\"u-align-left u-container-align-left u-container-style u-layout-cell u-right-cell u-size-20 u-white u-layout-cell-3\" src=\"\">\n                    <div class=\"u-container-layout u-valign-bottom u-container-layout-3\">\n                      <h2 class=\"u-text u-text-default u-text-1\">Vitrages Isolants<\/h2>\n                      <p class=\"u-text u-text-2\">Nos \u00e9quipes sont en mesure de remplacer tous types de vitrages isolants sur votre fen\u00eatres et porte fen\u00eatres en bois, PVC et aluminium.&nbsp;<br>\n                        <br>Contactez nous pour obtenir un devis pour le remplacement de votre vitrage cass\u00e9 !\n                      <\/p>\n                      <img decoding=\"async\" class=\"u-image u-image-contain u-image-default u-preserve-proportions u-image-3\" src=\"https:\/\/solustores.ch\/wp-content\/uploads\/2024\/10\/Sofraver.jpg\" alt=\"\" data-image-width=\"1181\" data-image-height=\"1181\">\n                    <\/div>\n                  <\/div>\n                <\/div>\n              <\/div>\n            <\/div>\n          <\/div>\n        <\/div>\n      <\/div>\n    <\/section>\n    <section class=\"u-clearfix u-white u-section-2\" id=\"carousel_767d\">\n      <div class=\"u-clearfix u-sheet u-sheet-1\">\n        <div class=\"data-layout-selected u-clearfix u-expanded-width u-gutter-18 u-layout-wrap u-layout-wrap-1\">\n          <div class=\"u-gutter-0 u-layout\">\n            <div class=\"u-layout-row\">\n              <div class=\"u-size-30 u-size-60-md\">\n                <div class=\"u-layout-col\">\n                  <div class=\"u-align-left u-container-align-left u-container-style u-image u-layout-cell u-right-cell u-size-40 u-image-1\" data-image-width=\"950\" data-image-height=\"633\" style=\"background-image: url(&quot;https:\/\/solustores.ch\/wp-content\/uploads\/2024\/10\/Verre-depoli-solustores.jpg&quot;);\">\n                    <div class=\"u-container-layout u-valign-middle u-container-layout-1\" src=\"\"><\/div>\n                  <\/div>\n                  <div class=\"u-align-left u-container-align-left u-container-style u-layout-cell u-right-cell u-size-20 u-white u-layout-cell-2\" src=\"\">\n                    <div class=\"u-container-layout u-valign-bottom u-container-layout-2\">\n                      <h2 class=\"u-text u-text-default u-text-1\">Verres D\u00e9coratifs<\/h2>\n                      <p class=\"u-text u-text-2\">Le vitrage d\u00e9coratif est souvent utilis\u00e9 pour supprimer les vis \u00e0 vis avec les voisins ou entre deux pi\u00e8ces.<br>\n                        <br>Un vitrage d\u00e9poli, peau d'orange ou m\u00eame teint\u00e9, de nombreuses possibilit\u00e9s existent.<br>\n                        <br>Contactez nous pour obtenir plsu d'informations.\n                      <\/p>\n                      <img decoding=\"async\" class=\"u-image u-image-contain u-image-default u-preserve-proportions u-image-2\" src=\"https:\/\/solustores.ch\/wp-content\/uploads\/2024\/10\/Sofraver.jpg\" alt=\"\" data-image-width=\"1181\" data-image-height=\"1181\">\n                    <\/div>\n                  <\/div>\n                <\/div>\n              <\/div>\n              <div class=\"u-size-30 u-size-60-md\">\n                <div class=\"u-layout-row\">\n                  <div class=\"u-align-left u-container-align-left u-container-style u-image u-layout-cell u-left-cell u-size-60 u-image-3\" src=\"\" data-image-width=\"800\" data-image-height=\"800\" style=\"background-image: url(&quot;https:\/\/solustores.ch\/wp-content\/uploads\/2024\/10\/vitrage-decoratif-securit-trempe-master-point.jpg&quot;);\">\n                    <div class=\"u-container-layout u-valign-middle u-container-layout-3\" src=\"\"><\/div>\n                  <\/div>\n                <\/div>\n              <\/div>\n            <\/div>\n          <\/div>\n        <\/div>\n      <\/div>\n    <\/section>\n    <section class=\"u-clearfix u-white u-section-3\" id=\"carousel_918e\">\n      <div class=\"u-clearfix u-sheet u-sheet-1\">\n        <div class=\"data-layout-selected u-clearfix u-expanded-width u-gutter-18 u-layout-wrap u-layout-wrap-1\">\n          <div class=\"u-gutter-0 u-layout\">\n            <div class=\"u-layout-row\">\n              <div class=\"u-size-30 u-size-60-md\">\n                <div class=\"u-layout-row\">\n                  <div class=\"u-align-left u-container-align-left u-container-style u-image u-layout-cell u-left-cell u-size-60 u-image-1\" src=\"\" data-image-width=\"551\" data-image-height=\"738\" style=\"background-image: url(&quot;https:\/\/solustores.ch\/wp-content\/uploads\/2024\/10\/Capturedcran2024-04-10145230.png&quot;);\">\n                    <div class=\"u-container-layout u-container-layout-1\" src=\"\"><\/div>\n                  <\/div>\n                <\/div>\n              <\/div>\n              <div class=\"u-size-30 u-size-60-md\">\n                <div class=\"u-layout-col\">\n                  <div class=\"u-align-left u-container-align-left u-container-style u-image u-layout-cell u-right-cell u-size-40 u-image-2\" data-image-width=\"1492\" data-image-height=\"834\" style=\"background-image: url(&quot;https:\/\/solustores.ch\/wp-content\/uploads\/2024\/10\/Capturedcran2024-04-10145102.png&quot;);\">\n                    <div class=\"u-container-layout u-valign-middle u-container-layout-2\" src=\"\"><\/div>\n                  <\/div>\n                  <div class=\"u-align-left u-container-align-left u-container-style u-layout-cell u-right-cell u-size-20 u-white u-layout-cell-3\" src=\"\">\n                    <div class=\"u-container-layout u-valign-bottom u-container-layout-3\">\n                      <h2 class=\"u-text u-text-default u-text-1\">Vitrages Coupe Vent<\/h2>\n                      <p class=\"u-text u-text-2\">Vous avez besoin de vous prot\u00e9ger du vent de mani\u00e8re simple et efficace ?&nbsp;<br>\n                        <br>Nous vous proposons un syst\u00e8me de vitrages coupe vent extensibles, simple d'utilisation et esth\u00e9tique.<br>La mise en place est rapide et le syst\u00e8me peut \u00e9galement \u00eatre pr\u00e9vu avec des jardini\u00e8res lest\u00e9es pour \u00e9viter la fixation d\u00e9finitive au sol.<br>\n                        <br>Dim. maximale d'un module : 200 x 100 \/ 175 cm \n                      <\/p>\n                      <img decoding=\"async\" class=\"u-image u-image-contain u-image-default u-preserve-proportions u-image-3\" src=\"https:\/\/solustores.ch\/wp-content\/uploads\/2024\/10\/KE-Design-Logo.jpg\" alt=\"\" data-image-width=\"1181\" data-image-height=\"1181\">\n                    <\/div>\n                  <\/div>\n                <\/div>\n              <\/div>\n            <\/div>\n          <\/div>\n        <\/div>\n      <\/div>\n    <\/section>\n    \n    \n    \n    \n    \n  \n","protected":false},"excerpt":{"rendered":"<p>Vitrages Isolants Nos \u00e9quipes sont en mesure de remplacer tous types de vitrages isolants sur votre fen\u00eatres et porte fen\u00eatres en bois, PVC et aluminium.&nbsp; Contactez nous pour obtenir un devis pour le remplacement de votre vitrage cass\u00e9 ! Verres D\u00e9coratifs Le vitrage d\u00e9coratif est souvent utilis\u00e9 pour supprimer les vis \u00e0 vis avec les &hellip; <a href=\"https:\/\/solustores.ch\/index.php\/vitrerie\/\" class=\"more-link\">Continue reading<span class=\"screen-reader-text\"> \u00ab\u00a0Vitrerie\u00a0\u00bb<\/span><\/a><\/p>\n","protected":false},"author":1,"featured_media":0,"parent":0,"menu_order":13,"comment_status":"closed","ping_status":"closed","template":"","meta":{"footnotes":""},"class_list":["post-261","page","type-page","status-publish","hentry"],"_links":{"self":[{"href":"https:\/\/solustores.ch\/index.php\/wp-json\/wp\/v2\/pages\/261","targetHints":{"allow":["GET"]}}],"collection":[{"href":"https:\/\/solustores.ch\/index.php\/wp-json\/wp\/v2\/pages"}],"about":[{"href":"https:\/\/solustores.ch\/index.php\/wp-json\/wp\/v2\/types\/page"}],"author":[{"embeddable":true,"href":"https:\/\/solustores.ch\/index.php\/wp-json\/wp\/v2\/users\/1"}],"replies":[{"embeddable":true,"href":"https:\/\/solustores.ch\/index.php\/wp-json\/wp\/v2\/comments?post=261"}],"version-history":[{"count":1,"href":"https:\/\/solustores.ch\/index.php\/wp-json\/wp\/v2\/pages\/261\/revisions"}],"predecessor-version":[{"id":282,"href":"https:\/\/solustores.ch\/index.php\/wp-json\/wp\/v2\/pages\/261\/revisions\/282"}],"wp:attachment":[{"href":"https:\/\/solustores.ch\/index.php\/wp-json\/wp\/v2\/media?parent=261"}],"curies":[{"name":"wp","href":"https:\/\/api.w.org\/{rel}","templated":true}]}}