{"id":262,"date":"2024-10-14T06:20:13","date_gmt":"2024-10-14T04:20:13","guid":{"rendered":"https:\/\/solustores.ch\/index.php\/stores-enrouleurs-plisses\/"},"modified":"2024-10-14T06:20:17","modified_gmt":"2024-10-14T04:20:17","slug":"stores-enrouleurs-plisses","status":"publish","type":"page","link":"https:\/\/solustores.ch\/index.php\/stores-enrouleurs-plisses\/","title":{"rendered":"Stores Enrouleurs &#8211; Pliss\u00e9s"},"content":{"rendered":"\n  \n    <section class=\"u-clearfix u-white u-section-1\" id=\"sec-f32e\">\n      <div class=\"u-clearfix u-sheet u-valign-middle u-sheet-1\">\n        <div class=\"data-layout-selected u-clearfix u-expanded-width u-gutter-18 u-layout-wrap u-layout-wrap-1\">\n          <div class=\"u-gutter-0 u-layout\">\n            <div class=\"u-layout-row\">\n              <div class=\"u-size-30 u-size-60-md\">\n                <div class=\"u-layout-row\">\n                  <div class=\"u-align-left u-container-align-left u-container-style u-image u-layout-cell u-left-cell u-size-60 u-image-1\" src=\"\" data-image-width=\"1280\" data-image-height=\"700\" style=\"background-image: url(&quot;https:\/\/solustores.ch\/wp-content\/uploads\/2024\/10\/Capturedcran2024-04-09165029.png&quot;);\">\n                    <div class=\"u-container-layout u-container-layout-1\" src=\"\"><\/div>\n                  <\/div>\n                <\/div>\n              <\/div>\n              <div class=\"u-size-30 u-size-60-md\">\n                <div class=\"u-layout-col\">\n                  <div class=\"u-align-left u-container-align-left u-container-style u-image u-layout-cell u-right-cell u-size-40 u-image-2\" data-image-width=\"1295\" data-image-height=\"697\" style=\"background-image: url(&quot;https:\/\/solustores.ch\/wp-content\/uploads\/2024\/10\/Capturedcran2024-04-09164905.png&quot;);\">\n                    <div class=\"u-container-layout u-valign-middle u-container-layout-2\" src=\"\"><\/div>\n                  <\/div>\n                  <div class=\"u-align-left u-container-align-left u-container-style u-layout-cell u-right-cell u-size-20 u-white u-layout-cell-3\" src=\"\">\n                    <div class=\"u-container-layout u-container-layout-3\">\n                      <h2 class=\"u-text u-text-default u-text-1\">Stores&nbsp;Enrouleurs<br>Int\u00e9rieurs\n                      <\/h2>\n                      <p class=\"u-text u-text-2\">\u00c9l\u00e9ment de d\u00e9coration et protection solaire ou occultante, le store enrouleur en toile est un produit facile \u00e0 utilis\u00e9, qui s'adapte facilement \u00e0 vos besoins et qui offrent une grande diversit\u00e9 de finitions (toiles et armatures).<br>\n                      <\/p>\n                      <img decoding=\"async\" class=\"u-image u-image-contain u-image-default u-preserve-proportions u-image-3\" src=\"https:\/\/solustores.ch\/wp-content\/uploads\/2024\/10\/Logo-Kadeco.jpg\" alt=\"\" data-image-width=\"1181\" data-image-height=\"1181\">\n                      <img decoding=\"async\" class=\"u-image u-image-contain u-image-default u-preserve-proportions u-image-4\" src=\"https:\/\/solustores.ch\/wp-content\/uploads\/2024\/10\/MHZ.jpg\" alt=\"\" data-image-width=\"1181\" data-image-height=\"1181\">\n                    <\/div>\n                  <\/div>\n                <\/div>\n              <\/div>\n            <\/div>\n          <\/div>\n        <\/div>\n      <\/div>\n    <\/section>\n    <section class=\"u-clearfix u-white u-section-2\" id=\"carousel_b3ec\">\n      <div class=\"u-clearfix u-sheet u-valign-middle u-sheet-1\">\n        <div class=\"data-layout-selected u-clearfix u-expanded-width u-gutter-18 u-layout-wrap u-layout-wrap-1\">\n          <div class=\"u-gutter-0 u-layout\">\n            <div class=\"u-layout-row\">\n              <div class=\"u-size-30 u-size-60-md\">\n                <div class=\"u-layout-col\">\n                  <div class=\"u-align-left u-container-align-left u-container-style u-image u-layout-cell u-right-cell u-size-40 u-image-1\" data-image-width=\"1288\" data-image-height=\"701\" style=\"background-image: url(&quot;https:\/\/solustores.ch\/wp-content\/uploads\/2024\/10\/Capturedcran2024-04-09165556.png&quot;);\">\n                    <div class=\"u-container-layout u-valign-middle u-container-layout-1\" src=\"\"><\/div>\n                  <\/div>\n                  <div class=\"u-align-left u-container-align-left u-container-style u-layout-cell u-right-cell u-size-20 u-white u-layout-cell-2\" src=\"\">\n                    <div class=\"u-container-layout u-container-layout-2\">\n                      <h2 class=\"u-text u-text-default u-text-1\">Stores Toiles Pliss\u00e9s<\/h2>\n                      <p class=\"u-text u-text-2\">Le store pliss\u00e9 est ultra polyvalent et s'adapte \u00e0 quasiment toutes les formes de fen\u00eatres (rectangulaire, triangulaire, en forme de trap\u00e8ze ou encore ronde).<br>\n                        <br>Le grand choix de coloris de toile en fait un \u00e9l\u00e9ment de d\u00e9coration pour habiller vos fen\u00eatres.\n                      <\/p>\n                      <img decoding=\"async\" class=\"u-image u-image-contain u-image-default u-preserve-proportions u-image-2\" src=\"https:\/\/solustores.ch\/wp-content\/uploads\/2024\/10\/MHZ.jpg\" alt=\"\" data-image-width=\"1181\" data-image-height=\"1181\">\n                      <img decoding=\"async\" class=\"u-image u-image-contain u-image-default u-preserve-proportions u-image-3\" src=\"https:\/\/solustores.ch\/wp-content\/uploads\/2024\/10\/Logo-Kadeco.jpg\" alt=\"\" data-image-width=\"1181\" data-image-height=\"1181\">\n                    <\/div>\n                  <\/div>\n                <\/div>\n              <\/div>\n              <div class=\"u-size-30 u-size-60-md\">\n                <div class=\"u-layout-row\">\n                  <div class=\"u-align-left u-container-align-left u-container-style u-image u-layout-cell u-left-cell u-size-60 u-image-4\" src=\"\" data-image-width=\"1289\" data-image-height=\"704\" style=\"background-image: url(&quot;https:\/\/solustores.ch\/wp-content\/uploads\/2024\/10\/Capturedcran2024-04-09165623.png&quot;);\">\n                    <div class=\"u-container-layout u-valign-middle u-container-layout-3\" src=\"\"><\/div>\n                  <\/div>\n                <\/div>\n              <\/div>\n            <\/div>\n          <\/div>\n        <\/div>\n      <\/div>\n    <\/section>\n    \n    \n    \n    \n    \n  \n","protected":false},"excerpt":{"rendered":"<p>Stores&nbsp;EnrouleursInt\u00e9rieurs \u00c9l\u00e9ment de d\u00e9coration et protection solaire ou occultante, le store enrouleur en toile est un produit facile \u00e0 utilis\u00e9, qui s&rsquo;adapte facilement \u00e0 vos besoins et qui offrent une grande diversit\u00e9 de finitions (toiles et armatures). Stores Toiles Pliss\u00e9s Le store pliss\u00e9 est ultra polyvalent et s&rsquo;adapte \u00e0 quasiment toutes les formes de fen\u00eatres &hellip; <a href=\"https:\/\/solustores.ch\/index.php\/stores-enrouleurs-plisses\/\" class=\"more-link\">Continue reading<span class=\"screen-reader-text\"> \u00ab\u00a0Stores Enrouleurs &#8211; Pliss\u00e9s\u00a0\u00bb<\/span><\/a><\/p>\n","protected":false},"author":1,"featured_media":0,"parent":0,"menu_order":14,"comment_status":"closed","ping_status":"closed","template":"","meta":{"footnotes":""},"class_list":["post-262","page","type-page","status-publish","hentry"],"_links":{"self":[{"href":"https:\/\/solustores.ch\/index.php\/wp-json\/wp\/v2\/pages\/262","targetHints":{"allow":["GET"]}}],"collection":[{"href":"https:\/\/solustores.ch\/index.php\/wp-json\/wp\/v2\/pages"}],"about":[{"href":"https:\/\/solustores.ch\/index.php\/wp-json\/wp\/v2\/types\/page"}],"author":[{"embeddable":true,"href":"https:\/\/solustores.ch\/index.php\/wp-json\/wp\/v2\/users\/1"}],"replies":[{"embeddable":true,"href":"https:\/\/solustores.ch\/index.php\/wp-json\/wp\/v2\/comments?post=262"}],"version-history":[{"count":1,"href":"https:\/\/solustores.ch\/index.php\/wp-json\/wp\/v2\/pages\/262\/revisions"}],"predecessor-version":[{"id":283,"href":"https:\/\/solustores.ch\/index.php\/wp-json\/wp\/v2\/pages\/262\/revisions\/283"}],"wp:attachment":[{"href":"https:\/\/solustores.ch\/index.php\/wp-json\/wp\/v2\/media?parent=262"}],"curies":[{"name":"wp","href":"https:\/\/api.w.org\/{rel}","templated":true}]}}