{"id":263,"date":"2024-10-14T06:20:14","date_gmt":"2024-10-14T04:20:14","guid":{"rendered":"https:\/\/solustores.ch\/index.php\/motorisation-domotique\/"},"modified":"2024-10-14T06:20:18","modified_gmt":"2024-10-14T04:20:18","slug":"motorisation-domotique","status":"publish","type":"page","link":"https:\/\/solustores.ch\/index.php\/motorisation-domotique\/","title":{"rendered":"Motorisation &#8211; Domotique"},"content":{"rendered":"\n  \n    <section class=\"u-clearfix u-white u-section-1\" id=\"sec-f32e\">\n      <div class=\"u-clearfix u-sheet u-sheet-1\">\n        <div class=\"data-layout-selected u-clearfix u-expanded-width u-gutter-18 u-layout-wrap u-layout-wrap-1\">\n          <div class=\"u-gutter-0 u-layout\">\n            <div class=\"u-layout-row\">\n              <div class=\"u-size-30 u-size-60-md\">\n                <div class=\"u-layout-row\">\n                  <div class=\"u-align-left u-container-align-left u-container-style u-image u-layout-cell u-left-cell u-size-60 u-image-1\" src=\"\" data-image-width=\"460\" data-image-height=\"694\" style=\"background-image: url(&quot;https:\/\/solustores.ch\/wp-content\/uploads\/2024\/10\/Capturedcran2024-04-05130858.png&quot;);\">\n                    <div class=\"u-container-layout u-container-layout-1\" src=\"\"><\/div>\n                  <\/div>\n                <\/div>\n              <\/div>\n              <div class=\"u-size-30 u-size-60-md\">\n                <div class=\"u-layout-col\">\n                  <div class=\"u-align-left u-container-align-left u-container-style u-image u-layout-cell u-right-cell u-size-40 u-image-2\" data-image-width=\"517\" data-image-height=\"345\" style=\"background-image: url(&quot;https:\/\/solustores.ch\/wp-content\/uploads\/2024\/10\/MotorisationSomfySolutsores.jpg&quot;);\">\n                    <div class=\"u-container-layout u-valign-middle u-container-layout-2\" src=\"\"><\/div>\n                  <\/div>\n                  <div class=\"u-align-left u-container-align-left u-container-style u-layout-cell u-right-cell u-size-20 u-white u-layout-cell-3\" src=\"\">\n                    <div class=\"u-container-layout u-valign-bottom u-container-layout-3\">\n                      <h2 class=\"u-text u-text-default u-text-1\">Motorisation<\/h2>\n                      <p class=\"u-text u-text-2\">Que ce soit pour des stores neufs ou existants, vous avez la possibilit\u00e9 de motoriser vos produits pour une utilisation plus confortable et sans effort.<br>\n                        <br>La motorisation peut \u00eatre filaire avec un bouton poussoir mural install\u00e9 par un \u00e9lectricien ou radio avec une gestion r\u00e9alis\u00e9e via une t\u00e9l\u00e9commande sans fil.<br>\n                        <br>Demandez un devis pour motoriser vos stores existants, nos techniciens \u00e9tudieront les possibilit\u00e9s en fonction de vos besoins.<br>\n                        <br>Nous r\u00e9parons et rempla\u00e7ons \u00e9galement tous types de motorisation existante sur vos stores.\n                      <\/p>\n                      <img decoding=\"async\" class=\"u-image u-image-contain u-image-default u-preserve-proportions u-image-3\" src=\"https:\/\/solustores.ch\/wp-content\/uploads\/2024\/10\/Somfy.jpg\" alt=\"\" data-image-width=\"1181\" data-image-height=\"1181\">\n                    <\/div>\n                  <\/div>\n                <\/div>\n              <\/div>\n            <\/div>\n          <\/div>\n        <\/div>\n      <\/div>\n    <\/section>\n    <section class=\"u-clearfix u-white u-section-2\" id=\"carousel_b3ec\">\n      <div class=\"u-clearfix u-sheet u-sheet-1\">\n        <div class=\"data-layout-selected u-clearfix u-expanded-width u-gutter-18 u-layout-wrap u-layout-wrap-1\">\n          <div class=\"u-gutter-0 u-layout\">\n            <div class=\"u-layout-row\">\n              <div class=\"u-size-30 u-size-60-md\">\n                <div class=\"u-layout-col\">\n                  <div class=\"u-align-left u-container-align-left u-container-style u-image u-layout-cell u-right-cell u-size-40 u-image-1\" data-image-width=\"1895\" data-image-height=\"990\" style=\"background-image: url(&quot;https:\/\/solustores.ch\/wp-content\/uploads\/2024\/10\/TahomaSwitchSomfySolustores.jpg&quot;);\">\n                    <div class=\"u-container-layout u-valign-middle u-container-layout-1\" src=\"\"><\/div>\n                  <\/div>\n                  <div class=\"u-align-left u-container-align-left u-container-style u-layout-cell u-right-cell u-size-20 u-white u-layout-cell-2\" src=\"\">\n                    <div class=\"u-container-layout u-valign-bottom u-container-layout-2\">\n                      <h2 class=\"u-text u-text-default u-text-1\">Domotique pour les particuliers<\/h2>\n                      <p class=\"u-text u-text-2\">La Tahoma Switch de Somfy rend votre maison intelligente et ceci \u00e0 un prix abordable sans avoir \u00e0 modifier totalement votre installation \u00e9lectrique.<br>\n                        <br>La motorisation radio Somfy iO permet de centraliser et piloter vos stores directement via votre smartphone que vous soyez chez vous ou \u00e0 l'\u00e9tranger.&nbsp;<br>\n                        <br>Cr\u00e9\u00e9e des sc\u00e9narios pour simuler une pr\u00e9sence ou pour aider \u00e0 la r\u00e9alisation d'\u00e9conomies d'\u00e9nergie, la domotique Somfy est simple d'utilisation et \u00e9volutive.<br>\n                        <br>Contactez nous pour plus d'informations !\n                      <\/p>\n                      <img decoding=\"async\" class=\"u-image u-image-contain u-image-default u-preserve-proportions u-image-2\" src=\"https:\/\/solustores.ch\/wp-content\/uploads\/2024\/10\/Somfy.jpg\" alt=\"\" data-image-width=\"1181\" data-image-height=\"1181\">\n                    <\/div>\n                  <\/div>\n                <\/div>\n              <\/div>\n              <div class=\"u-size-30 u-size-60-md\">\n                <div class=\"u-layout-row\">\n                  <div class=\"u-align-left u-container-align-left u-container-style u-image u-layout-cell u-left-cell u-size-60 u-image-3\" src=\"\" data-image-width=\"720\" data-image-height=\"450\" style=\"background-image: url(&quot;https:\/\/solustores.ch\/wp-content\/uploads\/2024\/10\/DomotiqueSomfySolustores.jpg&quot;);\">\n                    <div class=\"u-container-layout u-valign-middle u-container-layout-3\" src=\"\"><\/div>\n                  <\/div>\n                <\/div>\n              <\/div>\n            <\/div>\n          <\/div>\n        <\/div>\n      <\/div>\n    <\/section>\n    <section class=\"u-clearfix u-container-align-center u-grey-10 u-section-3\" id=\"sec-58a8\">\n      <div class=\"u-clearfix u-sheet u-sheet-1\">\n        <div class=\"data-layout-selected u-clearfix u-gutter-30 u-layout-wrap u-layout-wrap-1\">\n          <div class=\"u-layout\">\n            <div class=\"u-layout-row\">\n              <div class=\"u-align-left u-container-align-left u-container-style u-layout-cell u-left-cell u-size-30 u-layout-cell-1\">\n                <div class=\"u-container-layout u-container-layout-1\">\n                  <div class=\"u-align-left u-expanded u-video\">\n                    <div class=\"embed-responsive embed-responsive-1\">\n                      <iframe style=\"position: absolute;top: 0;left: 0;width: 100%;height: 100%;\" class=\"embed-responsive-item\" src=\"https:\/\/www.youtube.com\/embed\/CXCnLBZLuW4?mute=0&amp;showinfo=0&amp;controls=0&amp;start=0\" frameborder=\"0\" allowfullscreen=\"\"><\/iframe>\n                    <\/div>\n                  <\/div>\n                <\/div>\n              <\/div>\n              <div class=\"u-align-left u-container-align-left u-container-style u-layout-cell u-size-30 u-layout-cell-2\">\n                <div class=\"u-container-layout u-container-layout-2\">\n                  <div class=\"u-align-left u-expanded u-video\">\n                    <div class=\"embed-responsive embed-responsive-2\">\n                      <iframe style=\"position: absolute;top: 0;left: 0;width: 100%;height: 100%;\" class=\"embed-responsive-item\" src=\"https:\/\/www.youtube.com\/embed\/2qRyPv-AqXA?mute=0&amp;showinfo=0&amp;controls=0&amp;start=0\" frameborder=\"0\" allowfullscreen=\"\"><\/iframe>\n                    <\/div>\n                  <\/div>\n                <\/div>\n              <\/div>\n            <\/div>\n          <\/div>\n        <\/div>\n      <\/div>\n    <\/section>\n    \n    \n    \n    \n    \n  \n","protected":false},"excerpt":{"rendered":"<p>Motorisation Que ce soit pour des stores neufs ou existants, vous avez la possibilit\u00e9 de motoriser vos produits pour une utilisation plus confortable et sans effort. La motorisation peut \u00eatre filaire avec un bouton poussoir mural install\u00e9 par un \u00e9lectricien ou radio avec une gestion r\u00e9alis\u00e9e via une t\u00e9l\u00e9commande sans fil. Demandez un devis pour &hellip; <a href=\"https:\/\/solustores.ch\/index.php\/motorisation-domotique\/\" class=\"more-link\">Continue reading<span class=\"screen-reader-text\"> \u00ab\u00a0Motorisation &#8211; Domotique\u00a0\u00bb<\/span><\/a><\/p>\n","protected":false},"author":1,"featured_media":0,"parent":0,"menu_order":15,"comment_status":"closed","ping_status":"closed","template":"","meta":{"footnotes":""},"class_list":["post-263","page","type-page","status-publish","hentry"],"_links":{"self":[{"href":"https:\/\/solustores.ch\/index.php\/wp-json\/wp\/v2\/pages\/263","targetHints":{"allow":["GET"]}}],"collection":[{"href":"https:\/\/solustores.ch\/index.php\/wp-json\/wp\/v2\/pages"}],"about":[{"href":"https:\/\/solustores.ch\/index.php\/wp-json\/wp\/v2\/types\/page"}],"author":[{"embeddable":true,"href":"https:\/\/solustores.ch\/index.php\/wp-json\/wp\/v2\/users\/1"}],"replies":[{"embeddable":true,"href":"https:\/\/solustores.ch\/index.php\/wp-json\/wp\/v2\/comments?post=263"}],"version-history":[{"count":1,"href":"https:\/\/solustores.ch\/index.php\/wp-json\/wp\/v2\/pages\/263\/revisions"}],"predecessor-version":[{"id":284,"href":"https:\/\/solustores.ch\/index.php\/wp-json\/wp\/v2\/pages\/263\/revisions\/284"}],"wp:attachment":[{"href":"https:\/\/solustores.ch\/index.php\/wp-json\/wp\/v2\/media?parent=263"}],"curies":[{"name":"wp","href":"https:\/\/api.w.org\/{rel}","templated":true}]}}